{"id":610,"date":"2025-01-30T13:23:09","date_gmt":"2025-01-30T13:23:09","guid":{"rendered":"https:\/\/ns-cedin.parisnanterre.fr\/?page_id=610"},"modified":"2025-04-02T12:35:27","modified_gmt":"2025-04-02T12:35:27","slug":"les-actus-des-doctorants","status":"publish","type":"page","link":"https:\/\/cedin.parisnanterre.fr\/index.php\/les-actus-des-doctorants\/","title":{"rendered":"Actualit\u00e9s"},"content":{"rendered":"<style>.wp-block-kadence-advancedheading.kt-adv-heading610_eff130-fe, .wp-block-kadence-advancedheading.kt-adv-heading610_eff130-fe[data-kb-block=\"kb-adv-heading610_eff130-fe\"]{font-style:normal;}.wp-block-kadence-advancedheading.kt-adv-heading610_eff130-fe mark.kt-highlight, .wp-block-kadence-advancedheading.kt-adv-heading610_eff130-fe[data-kb-block=\"kb-adv-heading610_eff130-fe\"] mark.kt-highlight{font-style:normal;color:#f76a0c;-webkit-box-decoration-break:clone;box-decoration-break:clone;padding-top:0px;padding-right:0px;padding-bottom:0px;padding-left:0px;}.wp-block-kadence-advancedheading.kt-adv-heading610_eff130-fe img.kb-inline-image, .wp-block-kadence-advancedheading.kt-adv-heading610_eff130-fe[data-kb-block=\"kb-adv-heading610_eff130-fe\"] img.kb-inline-image{width:150px;vertical-align:baseline;}<\/style>\n<p class=\"kt-adv-heading610_eff130-fe wp-block-kadence-advancedheading\" data-kb-block=\"kb-adv-heading610_eff130-fe\"><\/p>\n\n\n<style>.kb-row-layout-id610_3e93ae-ec > .kt-row-column-wrap{align-content:start;}:where(.kb-row-layout-id610_3e93ae-ec > .kt-row-column-wrap) > .wp-block-kadence-column{justify-content:start;}.kb-row-layout-id610_3e93ae-ec > .kt-row-column-wrap{column-gap:var(--global-kb-gap-md, 2rem);row-gap:var(--global-kb-gap-md, 2rem);max-width:var( --global-content-width, 1290px );padding-left:var(--global-content-edge-padding);padding-right:var(--global-content-edge-padding);padding-top:var(--global-kb-spacing-xxl, 5rem);padding-bottom:var(--global-kb-spacing-xxl, 5rem);grid-template-columns:repeat(2, minmax(0, 1fr));}.kb-row-layout-id610_3e93ae-ec{border-top:40px solid var(--global-palette8, #F7FAFC);border-bottom:40px solid var(--global-palette8, #F7FAFC);}.kb-row-layout-id610_3e93ae-ec{background-image:url('https:\/\/ns-cedin.parisnanterre.fr\/wp-content\/uploads\/2025\/03\/20250328_173738-scaled-e1743415125716.jpg');background-size:contain;background-position:100% 50%;background-attachment:scroll;background-repeat:no-repeat;}.kb-row-layout-id610_3e93ae-ec > .kt-row-layout-overlay{opacity:1;background:linear-gradient(90deg,var(--global-palette8,#F7FAFC) 30%,rgba(255,255,255,0) 30%);}@media all and (max-width: 1024px){.kb-row-layout-id610_3e93ae-ec > .kt-row-column-wrap{column-gap:var(--global-kb-gap-md, 2rem);grid-template-columns:minmax(0, 2fr) minmax(0, 1fr);}}@media all and (max-width: 1024px){.kb-row-layout-id610_3e93ae-ec{border-top:40px solid var(--global-palette8, #F7FAFC);border-bottom:40px solid var(--global-palette8, #F7FAFC);}}@media all and (max-width: 767px){.kb-row-layout-id610_3e93ae-ec > .kt-row-column-wrap{padding-top:var(--global-kb-spacing-lg, 3rem);padding-bottom:var(--global-kb-spacing-lg, 3rem);grid-template-columns:minmax(0, 1fr);}.kb-row-layout-id610_3e93ae-ec{border-top:40px solid var(--global-palette8, #F7FAFC);border-bottom:40px solid var(--global-palette8, #F7FAFC);}.kb-row-layout-id610_3e93ae-ec > .kt-row-layout-overlay{opacity:0.00;}}<\/style><div class=\"kb-row-layout-wrap kb-row-layout-id610_3e93ae-ec alignfull has-theme-palette8-background-color kt-row-has-bg wp-block-kadence-rowlayout\"><div class=\"kt-row-layout-overlay kt-row-overlay-gradient\"><\/div><div class=\"kt-row-column-wrap kt-has-2-columns kt-row-layout-equal kt-tab-layout-left-golden kt-mobile-layout-row kt-row-valign-top kb-theme-content-width\">\n<style>.kadence-column610_ac3b4f-39 > .kt-inside-inner-col{padding-top:var(--global-kb-spacing-xl, 4rem);padding-right:var(--global-kb-spacing-xl, 4rem);padding-bottom:var(--global-kb-spacing-xl, 4rem);padding-left:var(--global-kb-spacing-xl, 4rem);}.kadence-column610_ac3b4f-39 > .kt-inside-inner-col,.kadence-column610_ac3b4f-39 > .kt-inside-inner-col:before{border-top-left-radius:7px;border-top-right-radius:7px;border-bottom-right-radius:7px;border-bottom-left-radius:7px;}.kadence-column610_ac3b4f-39 > .kt-inside-inner-col{column-gap:var(--global-kb-gap-sm, 1rem);}.kadence-column610_ac3b4f-39 > .kt-inside-inner-col{flex-direction:column;}.kadence-column610_ac3b4f-39 > .kt-inside-inner-col > .aligncenter{width:100%;}.kadence-column610_ac3b4f-39 > .kt-inside-inner-col{background-color:var(--global-palette9, #ffffff);}.kadence-column610_ac3b4f-39 > .kt-inside-inner-col:before{opacity:0.3;}.kadence-column610_ac3b4f-39{position:relative;}@media all and (max-width: 1024px){.kadence-column610_ac3b4f-39 > .kt-inside-inner-col{flex-direction:column;justify-content:center;}}@media all and (max-width: 767px){.kadence-column610_ac3b4f-39 > .kt-inside-inner-col{padding-top:var(--global-kb-spacing-md, 2rem);padding-right:var(--global-kb-spacing-md, 2rem);padding-bottom:var(--global-kb-spacing-md, 2rem);padding-left:var(--global-kb-spacing-md, 2rem);flex-direction:column;justify-content:center;}}<\/style>\n<div class=\"wp-block-kadence-column kadence-column610_ac3b4f-39\"><div class=\"kt-inside-inner-col\"><style>.wp-block-kadence-advancedheading.kt-adv-heading610_353981-01, .wp-block-kadence-advancedheading.kt-adv-heading610_353981-01[data-kb-block=\"kb-adv-heading610_353981-01\"]{margin-bottom:var(--global-kb-spacing-xs, 1rem);font-size:32px;line-height:1.3;font-style:normal;}.wp-block-kadence-advancedheading.kt-adv-heading610_353981-01 mark.kt-highlight, .wp-block-kadence-advancedheading.kt-adv-heading610_353981-01[data-kb-block=\"kb-adv-heading610_353981-01\"] mark.kt-highlight{font-style:normal;color:#f76a0c;-webkit-box-decoration-break:clone;box-decoration-break:clone;padding-top:0px;padding-right:0px;padding-bottom:0px;padding-left:0px;}.wp-block-kadence-advancedheading.kt-adv-heading610_353981-01 img.kb-inline-image, .wp-block-kadence-advancedheading.kt-adv-heading610_353981-01[data-kb-block=\"kb-adv-heading610_353981-01\"] img.kb-inline-image{width:150px;vertical-align:baseline;}<\/style>\n<h2 class=\"kt-adv-heading610_353981-01 wp-block-kadence-advancedheading has-theme-palette-3-color has-text-color\" data-kb-block=\"kb-adv-heading610_353981-01\">La vie du Centre<\/h2>\n\n\n<style>.wp-block-kadence-advancedheading.kt-adv-heading610_445982-ae, .wp-block-kadence-advancedheading.kt-adv-heading610_445982-ae[data-kb-block=\"kb-adv-heading610_445982-ae\"]{font-style:normal;}.wp-block-kadence-advancedheading.kt-adv-heading610_445982-ae mark.kt-highlight, .wp-block-kadence-advancedheading.kt-adv-heading610_445982-ae[data-kb-block=\"kb-adv-heading610_445982-ae\"] mark.kt-highlight{font-style:normal;color:#f76a0c;-webkit-box-decoration-break:clone;box-decoration-break:clone;padding-top:0px;padding-right:0px;padding-bottom:0px;padding-left:0px;}.wp-block-kadence-advancedheading.kt-adv-heading610_445982-ae img.kb-inline-image, .wp-block-kadence-advancedheading.kt-adv-heading610_445982-ae[data-kb-block=\"kb-adv-heading610_445982-ae\"] img.kb-inline-image{width:150px;vertical-align:baseline;}<\/style>\n<p class=\"kt-adv-heading610_445982-ae wp-block-kadence-advancedheading has-theme-palette-4-color has-text-color\" data-kb-block=\"kb-adv-heading610_445982-ae\">Retrouvez toute l&rsquo;actualit\u00e9 du <strong>Centre de Droit International de Nanterre <\/strong>et de ses membres : \u00e9v\u00e9nements scientifiques, colloques, s\u00e9minaires, conf\u00e9rences,  publications et distinctions. Suivez les activit\u00e9s de notre communaut\u00e9 de chercheuses et chercheurs en droit international.<\/p>\n\n\n<style>.kadence-column610_3e7ea7-1b > .kt-inside-inner-col{display:flex;}.kadence-column610_3e7ea7-1b > .kt-inside-inner-col,.kadence-column610_3e7ea7-1b > .kt-inside-inner-col:before{border-top-left-radius:0px;border-top-right-radius:0px;border-bottom-right-radius:0px;border-bottom-left-radius:0px;}.kadence-column610_3e7ea7-1b > .kt-inside-inner-col{column-gap:var(--global-kb-gap-sm, 1rem);}.kadence-column610_3e7ea7-1b > .kt-inside-inner-col{flex-direction:row;flex-wrap:wrap;align-items:center;}.kadence-column610_3e7ea7-1b > .kt-inside-inner-col > *, .kadence-column610_3e7ea7-1b > .kt-inside-inner-col > figure.wp-block-image, .kadence-column610_3e7ea7-1b > .kt-inside-inner-col > figure.wp-block-kadence-image{margin-top:0px;margin-bottom:0px;}.kadence-column610_3e7ea7-1b > .kt-inside-inner-col > .kb-image-is-ratio-size{flex-grow:1;}.kadence-column610_3e7ea7-1b > .kt-inside-inner-col:before{opacity:0.3;}.kadence-column610_3e7ea7-1b{position:relative;}@media all and (max-width: 1024px){.kadence-column610_3e7ea7-1b > .kt-inside-inner-col{flex-direction:row;flex-wrap:wrap;align-items:center;}}@media all and (min-width: 768px) and (max-width: 1024px){.kadence-column610_3e7ea7-1b > .kt-inside-inner-col > *, .kadence-column610_3e7ea7-1b > .kt-inside-inner-col > figure.wp-block-image, .kadence-column610_3e7ea7-1b > .kt-inside-inner-col > figure.wp-block-kadence-image{margin-top:0px;margin-bottom:0px;}.kadence-column610_3e7ea7-1b > .kt-inside-inner-col > .kb-image-is-ratio-size{flex-grow:1;}}@media all and (max-width: 767px){.kadence-column610_3e7ea7-1b > .kt-inside-inner-col{flex-direction:row;flex-wrap:wrap;justify-content:flex-start;}.kadence-column610_3e7ea7-1b > .kt-inside-inner-col > *, .kadence-column610_3e7ea7-1b > .kt-inside-inner-col > figure.wp-block-image, .kadence-column610_3e7ea7-1b > .kt-inside-inner-col > figure.wp-block-kadence-image{margin-top:0px;margin-bottom:0px;}.kadence-column610_3e7ea7-1b > .kt-inside-inner-col > .kb-image-is-ratio-size{flex-grow:1;}}<\/style>\n<div class=\"wp-block-kadence-column kadence-column610_3e7ea7-1b kb-section-dir-horizontal\"><div class=\"kt-inside-inner-col\"><style>.kt-svg-icons610_22c42c-b3 .kt-svg-item-0 .kb-svg-icon-wrap{color:var(--global-palette4, #2D3748);font-size:50px;}.wp-block-kadence-icon.kt-svg-icons610_22c42c-b3{justify-content:flex-start;gap:20px;}@media all and (max-width: 1024px){.wp-block-kadence-icon.kt-svg-icons610_22c42c-b3{justify-content:center;}}<\/style>\n<div class=\"wp-block-kadence-icon kt-svg-icons kt-svg-icons610_22c42c-b3 alignnone\"><style>.kt-svg-item-610_497214-0b .kb-svg-icon-wrap, .kt-svg-style-stacked.kt-svg-item-610_497214-0b .kb-svg-icon-wrap{color:var(--global-palette9, #ffffff);font-size:20px;background:var(--global-palette1, #3182CE);border-width:0px;border-radius:50%;padding-top:10px;padding-right:10px;padding-bottom:10px;padding-left:10px;}.kt-svg-item-610_497214-0b:hover .kb-svg-icon-wrap{background:var(--global-palette2, #2B6CB0);}.kt-svg-item-610_497214-0b:hover .kb-svg-icon-wrap{color:var(--global-palette9, #ffffff);}<\/style>\n<div class=\"wp-block-kadence-single-icon kt-svg-style-stacked kt-svg-icon-wrap kt-svg-item-610_497214-0b\"><a href=\"https:\/\/www.linkedin.com\/in\/CEDIN\" class=\"kt-svg-icon-link\" target=\"_blank\" rel=\"noopener noreferrer\"><span class=\"kb-svg-icon-wrap kb-svg-icon-fa_linkedin\"><svg viewBox=\"0 0 448 512\"  fill=\"currentColor\" xmlns=\"http:\/\/www.w3.org\/2000\/svg\"  aria-hidden=\"true\"><path d=\"M416 32H31.9C14.3 32 0 46.5 0 64.3v383.4C0 465.5 14.3 480 31.9 480H416c17.6 0 32-14.5 32-32.3V64.3c0-17.8-14.4-32.3-32-32.3zM135.4 416H69V202.2h66.5V416zm-33.2-243c-21.3 0-38.5-17.3-38.5-38.5S80.9 96 102.2 96c21.2 0 38.5 17.3 38.5 38.5 0 21.3-17.2 38.5-38.5 38.5zm282.1 243h-66.4V312c0-24.8-.5-56.7-34.5-56.7-34.6 0-39.9 27-39.9 54.9V416h-66.4V202.2h63.7v29.2h.9c8.9-16.8 30.6-34.5 62.9-34.5 67.2 0 79.7 44.3 79.7 101.9V416z\"\/><\/svg><\/span><\/a><\/div>\n\n\n<style>.kt-svg-item-610_f4f630-60 .kb-svg-icon-wrap, .kt-svg-style-stacked.kt-svg-item-610_f4f630-60 .kb-svg-icon-wrap{color:var(--global-palette9, #ffffff);font-size:20px;background:var(--global-palette1, #3182CE);border-width:0px;border-radius:50%;padding-top:10px;padding-right:10px;padding-bottom:10px;padding-left:10px;}.kt-svg-item-610_f4f630-60:hover .kb-svg-icon-wrap{background:var(--global-palette2, #2B6CB0);}.kt-svg-item-610_f4f630-60:hover .kb-svg-icon-wrap{color:var(--global-palette9, #ffffff);}<\/style>\n<div class=\"wp-block-kadence-single-icon kt-svg-style-stacked kt-svg-icon-wrap kt-svg-item-610_f4f630-60\"><a href=\"https:\/\/hal.parisnanterre.fr\/CEDIN\" class=\"kt-svg-icon-link\" target=\"_blank\" rel=\"noopener noreferrer\"><span class=\"kb-svg-icon-wrap kb-svg-icon-fe_bookOpen\"><svg viewBox=\"0 0 24 24\"  fill=\"none\" stroke=\"currentColor\" stroke-width=\"2\" stroke-linecap=\"round\" stroke-linejoin=\"round\" xmlns=\"http:\/\/www.w3.org\/2000\/svg\"  aria-hidden=\"true\"><path d=\"M2 3h6a4 4 0 0 1 4 4v14a3 3 0 0 0-3-3H2z\"\/><path d=\"M22 3h-6a4 4 0 0 0-4 4v14a3 3 0 0 1 3-3h7z\"\/><\/svg><\/span><\/a><\/div>\n\n\n<style>.kt-svg-item-610_a19837-cd .kb-svg-icon-wrap, .kt-svg-style-stacked.kt-svg-item-610_a19837-cd .kb-svg-icon-wrap{color:var(--global-palette9, #ffffff);font-size:20px;background:var(--global-palette1, #3182CE);border-width:0px;border-radius:50%;padding-top:10px;padding-right:10px;padding-bottom:10px;padding-left:10px;}.kt-svg-item-610_a19837-cd:hover .kb-svg-icon-wrap{background:var(--global-palette2, #2B6CB0);}.kt-svg-item-610_a19837-cd:hover .kb-svg-icon-wrap{color:var(--global-palette9, #ffffff);}<\/style>\n<div class=\"wp-block-kadence-single-icon kt-svg-style-stacked kt-svg-icon-wrap kt-svg-item-610_a19837-cd\"><a href=\"https:\/\/ns-cedin.parisnanterre.fr\/index.php\/doctorantes-et-doctorants-du-cedin\/\" class=\"kt-svg-icon-link\" target=\"_blank\" rel=\"noopener noreferrer\"><span class=\"kb-svg-icon-wrap kb-svg-icon-fe_home\"><svg viewBox=\"0 0 24 24\"  fill=\"none\" stroke=\"currentColor\" stroke-width=\"2\" stroke-linecap=\"round\" stroke-linejoin=\"round\" xmlns=\"http:\/\/www.w3.org\/2000\/svg\"  aria-hidden=\"true\"><path d=\"M3 9l9-7 9 7v11a2 2 0 0 1-2 2H5a2 2 0 0 1-2-2z\"\/><polyline points=\"9 22 9 12 15 12 15 22\"\/><\/svg><\/span><\/a><\/div>\n<\/div>\n<\/div><\/div>\n<\/div><\/div>\n\n\n<style>.kadence-column610_55c980-c5 > .kt-inside-inner-col,.kadence-column610_55c980-c5 > .kt-inside-inner-col:before{border-top-left-radius:0px;border-top-right-radius:0px;border-bottom-right-radius:0px;border-bottom-left-radius:0px;}.kadence-column610_55c980-c5 > .kt-inside-inner-col{column-gap:var(--global-kb-gap-sm, 1rem);}.kadence-column610_55c980-c5 > .kt-inside-inner-col{flex-direction:column;}.kadence-column610_55c980-c5 > .kt-inside-inner-col > .aligncenter{width:100%;}.kadence-column610_55c980-c5 > .kt-inside-inner-col:before{opacity:0.3;}.kadence-column610_55c980-c5{position:relative;}@media all and (max-width: 1024px){.kadence-column610_55c980-c5 > .kt-inside-inner-col{flex-direction:column;justify-content:center;}}@media all and (max-width: 767px){.kadence-column610_55c980-c5 > .kt-inside-inner-col{flex-direction:column;justify-content:center;}}<\/style>\n<div class=\"wp-block-kadence-column kadence-column610_55c980-c5\"><div class=\"kt-inside-inner-col\"><\/div><\/div>\n\n<\/div><\/div>","protected":false},"excerpt":{"rendered":"<p>La vie du Centre Retrouvez toute l&rsquo;actualit\u00e9 du Centre de Droit International de Nanterre et de ses membres : \u00e9v\u00e9nements scientifiques, colloques, s\u00e9minaires, conf\u00e9rences, publications et distinctions. Suivez les activit\u00e9s de notre communaut\u00e9 de chercheuses et chercheurs en droit international.<\/p>\n","protected":false},"author":1,"featured_media":2119,"parent":0,"menu_order":0,"comment_status":"closed","ping_status":"closed","template":"","meta":{"_kad_blocks_custom_css":"","_kad_blocks_head_custom_js":"","_kad_blocks_body_custom_js":"","_kad_blocks_footer_custom_js":"","_kadence_starter_templates_imported_post":false,"_kad_post_transparent":"","_kad_post_title":"","_kad_post_layout":"","_kad_post_sidebar_id":"","_kad_post_content_style":"","_kad_post_vertical_padding":"","_kad_post_feature":"","_kad_post_feature_position":"","_kad_post_header":false,"_kad_post_footer":false,"footnotes":""},"class_list":["post-610","page","type-page","status-publish","has-post-thumbnail","hentry"],"taxonomy_info":[],"featured_image_src_large":["https:\/\/cedin.parisnanterre.fr\/wp-content\/uploads\/2025\/03\/20250328_164444-1024x768.jpg",1024,768,true],"author_info":{"display_name":"admin","author_link":"https:\/\/cedin.parisnanterre.fr\/index.php\/author\/fgabard\/"},"comment_info":0,"_links":{"self":[{"href":"https:\/\/cedin.parisnanterre.fr\/index.php\/wp-json\/wp\/v2\/pages\/610","targetHints":{"allow":["GET"]}}],"collection":[{"href":"https:\/\/cedin.parisnanterre.fr\/index.php\/wp-json\/wp\/v2\/pages"}],"about":[{"href":"https:\/\/cedin.parisnanterre.fr\/index.php\/wp-json\/wp\/v2\/types\/page"}],"author":[{"embeddable":true,"href":"https:\/\/cedin.parisnanterre.fr\/index.php\/wp-json\/wp\/v2\/users\/1"}],"replies":[{"embeddable":true,"href":"https:\/\/cedin.parisnanterre.fr\/index.php\/wp-json\/wp\/v2\/comments?post=610"}],"version-history":[{"count":18,"href":"https:\/\/cedin.parisnanterre.fr\/index.php\/wp-json\/wp\/v2\/pages\/610\/revisions"}],"predecessor-version":[{"id":2144,"href":"https:\/\/cedin.parisnanterre.fr\/index.php\/wp-json\/wp\/v2\/pages\/610\/revisions\/2144"}],"wp:featuredmedia":[{"embeddable":true,"href":"https:\/\/cedin.parisnanterre.fr\/index.php\/wp-json\/wp\/v2\/media\/2119"}],"wp:attachment":[{"href":"https:\/\/cedin.parisnanterre.fr\/index.php\/wp-json\/wp\/v2\/media?parent=610"}],"curies":[{"name":"wp","href":"https:\/\/api.w.org\/{rel}","templated":true}]}}