{"id":237,"date":"2025-01-14T09:07:00","date_gmt":"2025-01-14T09:07:00","guid":{"rendered":"https:\/\/ns-cedin.parisnanterre.fr\/?page_id=237"},"modified":"2025-04-02T12:56:22","modified_gmt":"2025-04-02T12:56:22","slug":"centre-de-documentation-europeenne","status":"publish","type":"page","link":"https:\/\/cedin.parisnanterre.fr\/index.php\/centre-de-documentation-europeenne\/","title":{"rendered":"Centre de Documentation Europ\u00e9enne"},"content":{"rendered":"\n<div class=\"wp-block-group is-nowrap is-layout-flex wp-container-core-group-is-layout-ad2f72ca wp-block-group-is-layout-flex\">\n<p><strong>Le CEDIN fait partie du r\u00e9seau Centre de Documentation Europ\u00e9enne<\/strong>, membre du r\u00e9seau\u00a0Europe direct, ce qui lui permet de recevoir la plupart des publications \u00e9manant des institutions europ\u00e9ennes.\u00a0Le r\u00e9seau d\u2019information\u00a0Europe Direct\u00a0regroupe 52 centres d\u2019information en France et 470 en Europe.<\/p>\n<\/div>\n\n\n<div class=\"wp-block-image\">\n<figure class=\"aligncenter size-full is-resized\"><img loading=\"lazy\" decoding=\"async\" width=\"1247\" height=\"324\" src=\"https:\/\/ns-cedin.parisnanterre.fr\/wp-content\/uploads\/2025\/01\/387760924_846164380450522_2317990752267137498_n.jpg\" alt=\"\" class=\"wp-image-241\" style=\"width:500px\" srcset=\"https:\/\/cedin.parisnanterre.fr\/wp-content\/uploads\/2025\/01\/387760924_846164380450522_2317990752267137498_n.jpg 1247w, https:\/\/cedin.parisnanterre.fr\/wp-content\/uploads\/2025\/01\/387760924_846164380450522_2317990752267137498_n-300x78.jpg 300w, https:\/\/cedin.parisnanterre.fr\/wp-content\/uploads\/2025\/01\/387760924_846164380450522_2317990752267137498_n-1024x266.jpg 1024w, https:\/\/cedin.parisnanterre.fr\/wp-content\/uploads\/2025\/01\/387760924_846164380450522_2317990752267137498_n-768x200.jpg 768w\" sizes=\"auto, (max-width: 1247px) 100vw, 1247px\" \/><\/figure>\n<\/div>\n\n<style>.wp-block-kadence-advancedheading.kt-adv-heading237_814da3-af, .wp-block-kadence-advancedheading.kt-adv-heading237_814da3-af[data-kb-block=\"kb-adv-heading237_814da3-af\"]{font-style:normal;}.wp-block-kadence-advancedheading.kt-adv-heading237_814da3-af mark.kt-highlight, .wp-block-kadence-advancedheading.kt-adv-heading237_814da3-af[data-kb-block=\"kb-adv-heading237_814da3-af\"] mark.kt-highlight{font-style:normal;color:#f76a0c;-webkit-box-decoration-break:clone;box-decoration-break:clone;padding-top:0px;padding-right:0px;padding-bottom:0px;padding-left:0px;}.wp-block-kadence-advancedheading.kt-adv-heading237_814da3-af img.kb-inline-image, .wp-block-kadence-advancedheading.kt-adv-heading237_814da3-af[data-kb-block=\"kb-adv-heading237_814da3-af\"] img.kb-inline-image{width:150px;vertical-align:baseline;}<\/style>\n<p class=\"kt-adv-heading237_814da3-af wp-block-kadence-advancedheading\" data-kb-block=\"kb-adv-heading237_814da3-af\"><\/p>\n\n\n<style>.wp-block-kadence-advancedheading.kt-adv-heading237_ae5f85-c8, .wp-block-kadence-advancedheading.kt-adv-heading237_ae5f85-c8[data-kb-block=\"kb-adv-heading237_ae5f85-c8\"]{font-style:normal;}.wp-block-kadence-advancedheading.kt-adv-heading237_ae5f85-c8 mark.kt-highlight, .wp-block-kadence-advancedheading.kt-adv-heading237_ae5f85-c8[data-kb-block=\"kb-adv-heading237_ae5f85-c8\"] mark.kt-highlight{font-style:normal;color:#f76a0c;-webkit-box-decoration-break:clone;box-decoration-break:clone;padding-top:0px;padding-right:0px;padding-bottom:0px;padding-left:0px;}.wp-block-kadence-advancedheading.kt-adv-heading237_ae5f85-c8 img.kb-inline-image, .wp-block-kadence-advancedheading.kt-adv-heading237_ae5f85-c8[data-kb-block=\"kb-adv-heading237_ae5f85-c8\"] img.kb-inline-image{width:150px;vertical-align:baseline;}<\/style>\n<p class=\"kt-adv-heading237_ae5f85-c8 wp-block-kadence-advancedheading\" data-kb-block=\"kb-adv-heading237_ae5f85-c8\"><strong>Les missions du CDE sont :<\/strong><br>\u2013 de rendre accessible au public (\u00e9tudiants, enseignants, chercheurs) l\u2019information europ\u00e9enne \u00e0 dominante juridique ;<br>\u2013 d&rsquo;aider les institutions d\u2019enseignement sup\u00e9rieur et de recherche \u00e0 promouvoir \u00a0et \u00e0 d\u00e9velopper l\u2019enseignement et la recherche sur l\u2019int\u00e9gration europ\u00e9enne ;<br>\u2013 de mettre les sources d\u2019information sur l\u2019Union europ\u00e9enne \u00e0 disposition ;<br>\u2013 contribuer, dans le souci d\u2019accroitre la transparence, \u00e0 faire conna\u00eetre les politiques de l\u2019Union europ\u00e9enne \u00e0 un large public.<\/p>\n\n\n<style>.wp-block-kadence-advancedheading.kt-adv-heading237_42f944-c5, .wp-block-kadence-advancedheading.kt-adv-heading237_42f944-c5[data-kb-block=\"kb-adv-heading237_42f944-c5\"]{font-style:normal;}.wp-block-kadence-advancedheading.kt-adv-heading237_42f944-c5 mark.kt-highlight, .wp-block-kadence-advancedheading.kt-adv-heading237_42f944-c5[data-kb-block=\"kb-adv-heading237_42f944-c5\"] mark.kt-highlight{font-style:normal;color:#f76a0c;-webkit-box-decoration-break:clone;box-decoration-break:clone;padding-top:0px;padding-right:0px;padding-bottom:0px;padding-left:0px;}.wp-block-kadence-advancedheading.kt-adv-heading237_42f944-c5 img.kb-inline-image, .wp-block-kadence-advancedheading.kt-adv-heading237_42f944-c5[data-kb-block=\"kb-adv-heading237_42f944-c5\"] img.kb-inline-image{width:150px;vertical-align:baseline;}<\/style>\n<p class=\"kt-adv-heading237_42f944-c5 wp-block-kadence-advancedheading\" data-kb-block=\"kb-adv-heading237_42f944-c5\"><\/p>\n\n\n\n<p>De nombreux p\u00e9riodiques et des archives sont mis \u00e0 la disposition des usagers, ainsi que les publications officielles des institutions europ\u00e9ennes, les trait\u00e9s et\u00a0 les rapports annuels de certaines institutions et agences europ\u00e9ennes.<\/p>\n\n\n\n<p><strong>Les sites \u00e0 consulter :<\/strong><\/p>\n\n\n\n<ul class=\"wp-block-list\">\n<li><a href=\"https:\/\/european-union.europa.eu\/index_fr\" target=\"_blank\" rel=\"noreferrer noopener\">Europa<\/a>&nbsp;: le site web officiel de l&rsquo;Union europ\u00e9enne. Il s&rsquo;agit d&rsquo;un bon point de d\u00e9part si vous \u00eates \u00e0 la recherche d&rsquo;informations et de services fournis par l&rsquo;UE<\/li>\n\n\n\n<li><a href=\"http:\/\/eur-lex.europa.eu\/fr\/index.htm\" target=\"_blank\" rel=\"noreferrer noopener\">EUR-Lex<\/a>&nbsp;: Portail d\u2019acc\u00e8s au droit de l\u2019UE<\/li>\n\n\n\n<li><a href=\"http:\/\/www.europarl.europa.eu\/oeil\/home\/home.do?lang=fr\" target=\"_blank\" rel=\"noreferrer noopener\">\u0152il<\/a>&nbsp;: L\u2019observatoire l\u00e9gislatif du Parlement europ\u00e9en (suivi des proc\u00e9dures, actualit\u00e9s)<\/li>\n\n\n\n<li><a href=\"https:\/\/biu-cujas.univ-paris1.fr\/\" target=\"_blank\" rel=\"noreferrer noopener\">Guide Cujas<\/a>&nbsp;: \u00ab Trouver de la l\u00e9gislation et de la jurisprudence europ\u00e9enne \u00bb<\/li>\n\n\n\n<li><a href=\"http:\/\/jurisguide.univ-paris1.fr\/ARTICLES\/index.php?view=0&amp;cat=domaine\" target=\"_blank\" rel=\"noreferrer noopener\">Jurisguide<\/a>&nbsp;: Rechercher par domaine, consulter la rubrique droit europ\u00e9en.<\/li>\n<\/ul>\n\n\n<style>.wp-block-kadence-advancedheading.kt-adv-heading237_02091c-1b, .wp-block-kadence-advancedheading.kt-adv-heading237_02091c-1b[data-kb-block=\"kb-adv-heading237_02091c-1b\"]{font-style:normal;}.wp-block-kadence-advancedheading.kt-adv-heading237_02091c-1b mark.kt-highlight, .wp-block-kadence-advancedheading.kt-adv-heading237_02091c-1b[data-kb-block=\"kb-adv-heading237_02091c-1b\"] mark.kt-highlight{font-style:normal;color:#f76a0c;-webkit-box-decoration-break:clone;box-decoration-break:clone;padding-top:0px;padding-right:0px;padding-bottom:0px;padding-left:0px;}.wp-block-kadence-advancedheading.kt-adv-heading237_02091c-1b img.kb-inline-image, .wp-block-kadence-advancedheading.kt-adv-heading237_02091c-1b[data-kb-block=\"kb-adv-heading237_02091c-1b\"] img.kb-inline-image{width:150px;vertical-align:baseline;}<\/style>\n<p class=\"kt-adv-heading237_02091c-1b wp-block-kadence-advancedheading\" data-kb-block=\"kb-adv-heading237_02091c-1b\"><\/p>\n","protected":false},"excerpt":{"rendered":"<p>Le CEDIN fait partie du r\u00e9seau Centre de Documentation Europ\u00e9enne, membre du r\u00e9seau\u00a0Europe direct, ce qui lui permet de recevoir la plupart des publications \u00e9manant des institutions europ\u00e9ennes.\u00a0Le r\u00e9seau d\u2019information\u00a0Europe Direct\u00a0regroupe 52 centres d\u2019information en France et 470 en Europe. Les missions du CDE sont :\u2013 de rendre accessible au public (\u00e9tudiants, enseignants, chercheurs) l\u2019information&#8230;<\/p>\n","protected":false},"author":1,"featured_media":277,"parent":0,"menu_order":0,"comment_status":"closed","ping_status":"closed","template":"","meta":{"_kad_blocks_custom_css":"","_kad_blocks_head_custom_js":"","_kad_blocks_body_custom_js":"","_kad_blocks_footer_custom_js":"","_kadence_starter_templates_imported_post":false,"_kad_post_transparent":"","_kad_post_title":"","_kad_post_layout":"","_kad_post_sidebar_id":"","_kad_post_content_style":"","_kad_post_vertical_padding":"","_kad_post_feature":"","_kad_post_feature_position":"below","_kad_post_header":false,"_kad_post_footer":false,"footnotes":""},"class_list":["post-237","page","type-page","status-publish","has-post-thumbnail","hentry"],"taxonomy_info":[],"featured_image_src_large":["https:\/\/cedin.parisnanterre.fr\/wp-content\/uploads\/2025\/01\/cde.jpg",406,281,false],"author_info":{"display_name":"admin","author_link":"https:\/\/cedin.parisnanterre.fr\/index.php\/author\/fgabard\/"},"comment_info":0,"_links":{"self":[{"href":"https:\/\/cedin.parisnanterre.fr\/index.php\/wp-json\/wp\/v2\/pages\/237","targetHints":{"allow":["GET"]}}],"collection":[{"href":"https:\/\/cedin.parisnanterre.fr\/index.php\/wp-json\/wp\/v2\/pages"}],"about":[{"href":"https:\/\/cedin.parisnanterre.fr\/index.php\/wp-json\/wp\/v2\/types\/page"}],"author":[{"embeddable":true,"href":"https:\/\/cedin.parisnanterre.fr\/index.php\/wp-json\/wp\/v2\/users\/1"}],"replies":[{"embeddable":true,"href":"https:\/\/cedin.parisnanterre.fr\/index.php\/wp-json\/wp\/v2\/comments?post=237"}],"version-history":[{"count":15,"href":"https:\/\/cedin.parisnanterre.fr\/index.php\/wp-json\/wp\/v2\/pages\/237\/revisions"}],"predecessor-version":[{"id":2150,"href":"https:\/\/cedin.parisnanterre.fr\/index.php\/wp-json\/wp\/v2\/pages\/237\/revisions\/2150"}],"wp:featuredmedia":[{"embeddable":true,"href":"https:\/\/cedin.parisnanterre.fr\/index.php\/wp-json\/wp\/v2\/media\/277"}],"wp:attachment":[{"href":"https:\/\/cedin.parisnanterre.fr\/index.php\/wp-json\/wp\/v2\/media?parent=237"}],"curies":[{"name":"wp","href":"https:\/\/api.w.org\/{rel}","templated":true}]}}