{"id":1760,"date":"2025-03-18T14:06:18","date_gmt":"2025-03-18T14:06:18","guid":{"rendered":"https:\/\/ns-cedin.parisnanterre.fr\/?page_id=1760"},"modified":"2025-03-18T14:56:01","modified_gmt":"2025-03-18T14:56:01","slug":"mentions-legales","status":"publish","type":"page","link":"https:\/\/cedin.parisnanterre.fr\/index.php\/mentions-legales\/","title":{"rendered":"Mentions l\u00e9gales"},"content":{"rendered":"\n<h2 class=\"wp-block-heading has--font-size\">1. Pr\u00e9sentation de notre site web<\/h2>\n\n\n<style>.wp-block-kadence-advancedheading.kt-adv-heading1760_543a17-e2, .wp-block-kadence-advancedheading.kt-adv-heading1760_543a17-e2[data-kb-block=\"kb-adv-heading1760_543a17-e2\"]{font-style:normal;}.wp-block-kadence-advancedheading.kt-adv-heading1760_543a17-e2 mark.kt-highlight, .wp-block-kadence-advancedheading.kt-adv-heading1760_543a17-e2[data-kb-block=\"kb-adv-heading1760_543a17-e2\"] mark.kt-highlight{font-style:normal;color:#f76a0c;-webkit-box-decoration-break:clone;box-decoration-break:clone;padding-top:0px;padding-right:0px;padding-bottom:0px;padding-left:0px;}.wp-block-kadence-advancedheading.kt-adv-heading1760_543a17-e2 img.kb-inline-image, .wp-block-kadence-advancedheading.kt-adv-heading1760_543a17-e2[data-kb-block=\"kb-adv-heading1760_543a17-e2\"] img.kb-inline-image{width:150px;vertical-align:baseline;}<\/style>\n<p class=\"kt-adv-heading1760_543a17-e2 wp-block-kadence-advancedheading\" data-kb-block=\"kb-adv-heading1760_543a17-e2\">Conform\u00e9ment \u00e0 la loi n\u00b0 2004-2005 du 21 juin 2004 pour la confiance dans l&rsquo;\u00e9conomie num\u00e9rique, notre site web cr\u00e9\u00e9 par Le P\u00f4le des Espaces Num\u00e9riques, (Universit\u00e9 Paris Nanterre), met \u00e0 disposition du public les informations nous concernant.<br>\u00c9ventuellement modifiables, nous vous invitons \u00e0 consulter nos mentions l\u00e9gales le plus souvent possible, de mani\u00e8re \u00e0 en prendre connaissance fr\u00e9quemment<br>Le site cedin.parisnanterre.fr appartient \u00e0 l&rsquo;universit\u00e9 Paris Nanterre &#8211;<br>200 avenue de la R\u00e9publique, 92001 Nanterre<br>Tel : 01.40.97.72.00<br>Le responsable de publication est Mathias Forteau.<br>Contact : mforteauCHEZparisnanterrePOINTfr<br>Le site cedin.parisnanterre.fr est h\u00e9berg\u00e9 par La Direction des Ressources Informatiques de l&rsquo;universit\u00e9 Paris Nanterre.<br>P\u00f4le des Espaces Num\u00e9riques<br>Direction des Ressources Informatiques<br>Universit\u00e9 Paris Nanterre<br>t\u00e9l : 0140974901 \/ 0140974158<\/p>\n\n\n\n<h2 class=\"wp-block-heading has--font-size\">2. Conditions g\u00e9n\u00e9rales d\u2019utilisation du site et des services propos\u00e9s<\/h2>\n\n\n<style>.wp-block-kadence-advancedheading.kt-adv-heading1760_27a6a0-d9, .wp-block-kadence-advancedheading.kt-adv-heading1760_27a6a0-d9[data-kb-block=\"kb-adv-heading1760_27a6a0-d9\"]{font-style:normal;}.wp-block-kadence-advancedheading.kt-adv-heading1760_27a6a0-d9 mark.kt-highlight, .wp-block-kadence-advancedheading.kt-adv-heading1760_27a6a0-d9[data-kb-block=\"kb-adv-heading1760_27a6a0-d9\"] mark.kt-highlight{font-style:normal;color:#f76a0c;-webkit-box-decoration-break:clone;box-decoration-break:clone;padding-top:0px;padding-right:0px;padding-bottom:0px;padding-left:0px;}.wp-block-kadence-advancedheading.kt-adv-heading1760_27a6a0-d9 img.kb-inline-image, .wp-block-kadence-advancedheading.kt-adv-heading1760_27a6a0-d9[data-kb-block=\"kb-adv-heading1760_27a6a0-d9\"] img.kb-inline-image{width:150px;vertical-align:baseline;}<\/style>\n<p class=\"kt-adv-heading1760_27a6a0-d9 wp-block-kadence-advancedheading\" data-kb-block=\"kb-adv-heading1760_27a6a0-d9\">En utilisant le site web cedin.parisnanterre.fr, vous acceptez pleinement et enti\u00e8rement les conditions g\u00e9n\u00e9rales d&rsquo;utilisation pr\u00e9cis\u00e9es dans nos mentions l\u00e9gales. Accessible \u00e0 tout type de visiteurs, il est important de pr\u00e9ciser toutefois qu&rsquo;une interruption pour maintenance du site web peut-\u00eatre d\u00e9cid\u00e9e.<\/p>\n\n\n\n<h2 class=\"wp-block-heading has--font-size\">3. Les produits ou services propos\u00e9s par cedin.parisnanterre.fr<\/h2>\n\n\n<style>.wp-block-kadence-advancedheading.kt-adv-heading1760_f8619d-ae, .wp-block-kadence-advancedheading.kt-adv-heading1760_f8619d-ae[data-kb-block=\"kb-adv-heading1760_f8619d-ae\"]{font-style:normal;}.wp-block-kadence-advancedheading.kt-adv-heading1760_f8619d-ae mark.kt-highlight, .wp-block-kadence-advancedheading.kt-adv-heading1760_f8619d-ae[data-kb-block=\"kb-adv-heading1760_f8619d-ae\"] mark.kt-highlight{font-style:normal;color:#f76a0c;-webkit-box-decoration-break:clone;box-decoration-break:clone;padding-top:0px;padding-right:0px;padding-bottom:0px;padding-left:0px;}.wp-block-kadence-advancedheading.kt-adv-heading1760_f8619d-ae img.kb-inline-image, .wp-block-kadence-advancedheading.kt-adv-heading1760_f8619d-ae[data-kb-block=\"kb-adv-heading1760_f8619d-ae\"] img.kb-inline-image{width:150px;vertical-align:baseline;}<\/style>\n<p class=\"kt-adv-heading1760_f8619d-ae wp-block-kadence-advancedheading\" data-kb-block=\"kb-adv-heading1760_f8619d-ae\">En accord avec sa politique de communication, le site cedin.parisnanterre.fr a pour vocation d&rsquo;informer les utilisateurs sur les services propos\u00e9s et s&rsquo;efforce alors de fournir des informations pr\u00e9cises sur son activit\u00e9. Cependant, des inexactitudes ou des omissions peuvent exister : l&rsquo;universit\u00e9 Paris Nanterre ne pourra en aucun cas \u00eatre tenue pour responsable pour toute erreur pr\u00e9sente sur le site cedin.parisnanterre.fr.<\/p>\n\n\n\n<h2 class=\"wp-block-heading has--font-size\">4. Limitations contractuelles<\/h2>\n\n\n<style>.wp-block-kadence-advancedheading.kt-adv-heading1760_116120-b4, .wp-block-kadence-advancedheading.kt-adv-heading1760_116120-b4[data-kb-block=\"kb-adv-heading1760_116120-b4\"]{font-style:normal;}.wp-block-kadence-advancedheading.kt-adv-heading1760_116120-b4 mark.kt-highlight, .wp-block-kadence-advancedheading.kt-adv-heading1760_116120-b4[data-kb-block=\"kb-adv-heading1760_116120-b4\"] mark.kt-highlight{font-style:normal;color:#f76a0c;-webkit-box-decoration-break:clone;box-decoration-break:clone;padding-top:0px;padding-right:0px;padding-bottom:0px;padding-left:0px;}.wp-block-kadence-advancedheading.kt-adv-heading1760_116120-b4 img.kb-inline-image, .wp-block-kadence-advancedheading.kt-adv-heading1760_116120-b4[data-kb-block=\"kb-adv-heading1760_116120-b4\"] img.kb-inline-image{width:150px;vertical-align:baseline;}<\/style>\n<p class=\"kt-adv-heading1760_116120-b4 wp-block-kadence-advancedheading\" data-kb-block=\"kb-adv-heading1760_116120-b4\">Les informations retranscrites sur le site web cedin.parisnanterre.fr font l\u2019objet de d\u00e9marches qualitatives, en vue de nous assurer de leur fiabilit\u00e9. Cependant, nous ne pourrons encourir de responsabilit\u00e9s en cas d\u2019inexactitudes techniques lors de nos explications.<br>Si vous constatez une erreur concernant des informations que nous auront pu omettre, n\u2019h\u00e9sitez pas \u00e0 nous le signaler par mail.<br>Les liens reli\u00e9s directement ou indirectement au site web cedin.parisnanterre.fr ne sont pas sous notre contr\u00f4le. Par cons\u00e9quent, nous ne pouvons nous assurer de l\u2019exactitude des informations pr\u00e9sentes sur ces autres sites internet.<br>Utilisant la technologie JavaScript, le site ne pourra \u00eatre tenu pour responsable en cas de dommages mat\u00e9riels li\u00e9s \u00e0 son utilisation. Par ailleurs, il en est de m\u00eame pour tout autre type de cons\u00e9quence li\u00e9e \u00e0 l&rsquo;exploitation de ce site qu&rsquo;elle soit direct ou indirect (bug, incompatibilit\u00e9, virus, perte de march\u00e9, etc.).<\/p>\n\n\n\n<h2 class=\"wp-block-heading has--font-size\">5. Propri\u00e9t\u00e9 intellectuelle et contenu du site Internet<\/h2>\n\n\n<style>.wp-block-kadence-advancedheading.kt-adv-heading1760_3349ed-dd, .wp-block-kadence-advancedheading.kt-adv-heading1760_3349ed-dd[data-kb-block=\"kb-adv-heading1760_3349ed-dd\"]{font-style:normal;}.wp-block-kadence-advancedheading.kt-adv-heading1760_3349ed-dd mark.kt-highlight, .wp-block-kadence-advancedheading.kt-adv-heading1760_3349ed-dd[data-kb-block=\"kb-adv-heading1760_3349ed-dd\"] mark.kt-highlight{font-style:normal;color:#f76a0c;-webkit-box-decoration-break:clone;box-decoration-break:clone;padding-top:0px;padding-right:0px;padding-bottom:0px;padding-left:0px;}.wp-block-kadence-advancedheading.kt-adv-heading1760_3349ed-dd img.kb-inline-image, .wp-block-kadence-advancedheading.kt-adv-heading1760_3349ed-dd[data-kb-block=\"kb-adv-heading1760_3349ed-dd\"] img.kb-inline-image{width:150px;vertical-align:baseline;}<\/style>\n<p class=\"kt-adv-heading1760_3349ed-dd wp-block-kadence-advancedheading\" data-kb-block=\"kb-adv-heading1760_3349ed-dd\">Le contenu r\u00e9dactionnel du site appartient exclusivement \u00e0 son proprietaire. Toute violation des droits d\u2019auteur est sanctionn\u00e9e par l\u2019article L.335-2 du Code de la Propri\u00e9t\u00e9 Intellectuelle, avec une peine encourue de 2 ans d\u2019emprisonnement et de 150 000\u20ac d\u2019amende.<br>Tous les droits de reproduction sont r\u00e9serv\u00e9s, y compris pour les documents t\u00e9l\u00e9chargeables et les repr\u00e9sentations iconographiques et photographiques.<br>La reproduction de tout ou partie de ce site sur un support \u00e9lectronique quel qu\u2019il soit est formellement interdite sauf autorisation expresse du directeur de la publication.<br>Le site ne pourra \u00eatre mis en cause en cas de propos injurieux, \u00e0 caract\u00e8re raciste, diffamant ou pornographique, \u00e9chang\u00e9s sur les espaces interactifs. La soci\u00e9t\u00e9 se r\u00e9serve \u00e9galement le droit de supprimer tout contenu contraire aux valeurs de l&rsquo;entreprise ou \u00e0 la l\u00e9gislation applicable en France.<\/p>\n\n\n\n<h2 class=\"wp-block-heading has--font-size\">6. Donn\u00e9es personnelles, respect de votre vie priv\u00e9e et de vos libert\u00e9s<\/h2>\n\n\n<style>.wp-block-kadence-advancedheading.kt-adv-heading1760_0d65ac-14, .wp-block-kadence-advancedheading.kt-adv-heading1760_0d65ac-14[data-kb-block=\"kb-adv-heading1760_0d65ac-14\"]{font-style:normal;}.wp-block-kadence-advancedheading.kt-adv-heading1760_0d65ac-14 mark.kt-highlight, .wp-block-kadence-advancedheading.kt-adv-heading1760_0d65ac-14[data-kb-block=\"kb-adv-heading1760_0d65ac-14\"] mark.kt-highlight{font-style:normal;color:#f76a0c;-webkit-box-decoration-break:clone;box-decoration-break:clone;padding-top:0px;padding-right:0px;padding-bottom:0px;padding-left:0px;}.wp-block-kadence-advancedheading.kt-adv-heading1760_0d65ac-14 img.kb-inline-image, .wp-block-kadence-advancedheading.kt-adv-heading1760_0d65ac-14[data-kb-block=\"kb-adv-heading1760_0d65ac-14\"] img.kb-inline-image{width:150px;vertical-align:baseline;}<\/style>\n<p class=\"kt-adv-heading1760_0d65ac-14 wp-block-kadence-advancedheading\" data-kb-block=\"kb-adv-heading1760_0d65ac-14\">Toute informations recueillie sur le site web cedin.parisnanterre.fr l&rsquo;est dans le cadre des besoins li\u00e9s \u00e0 l&rsquo;utilisation de notre plateforme, tels que le formulaire de commande ou demandes d&rsquo;inscription.<br>L&rsquo;\u00e9tablissement s&rsquo;engage \u00e0 ne c\u00e9der en aucun cas les informations concernant les utilisateurs du site Internet, de quelque fa\u00e7on qu&rsquo;il soit (vente, \u00e9change, pr\u00eat, location, don).<br>Conform\u00e9ment \u00e0 la loi \u00ab informatique et libert\u00e9s \u00bb du 6 janvier 1978 modifi\u00e9e en 2004, l\u2019utilisateur b\u00e9n\u00e9ficie d\u2019un droit d\u2019acc\u00e8s et de rectification aux informations le concernant, droit qu\u2019il peut exercer \u00e0 tout moment en adressant un mail ou par courrier au responsable de publication.<br>Les bases de donn\u00e9es sont prot\u00e9g\u00e9es par les dispositions de la loi du 1er juillet 1998 transposant la directive 96\/9 du 11 mars 1996 relative \u00e0 la protection juridique des bases de donn\u00e9es.<\/p>\n\n\n\n<h2 class=\"wp-block-heading has--font-size\">7. Droit applicable et lois concern\u00e9es<\/h2>\n\n\n<style>.wp-block-kadence-advancedheading.kt-adv-heading1760_ccd21a-04, .wp-block-kadence-advancedheading.kt-adv-heading1760_ccd21a-04[data-kb-block=\"kb-adv-heading1760_ccd21a-04\"]{font-style:normal;}.wp-block-kadence-advancedheading.kt-adv-heading1760_ccd21a-04 mark.kt-highlight, .wp-block-kadence-advancedheading.kt-adv-heading1760_ccd21a-04[data-kb-block=\"kb-adv-heading1760_ccd21a-04\"] mark.kt-highlight{font-style:normal;color:#f76a0c;-webkit-box-decoration-break:clone;box-decoration-break:clone;padding-top:0px;padding-right:0px;padding-bottom:0px;padding-left:0px;}.wp-block-kadence-advancedheading.kt-adv-heading1760_ccd21a-04 img.kb-inline-image, .wp-block-kadence-advancedheading.kt-adv-heading1760_ccd21a-04[data-kb-block=\"kb-adv-heading1760_ccd21a-04\"] img.kb-inline-image{width:150px;vertical-align:baseline;}<\/style>\n<p class=\"kt-adv-heading1760_ccd21a-04 wp-block-kadence-advancedheading\" data-kb-block=\"kb-adv-heading1760_ccd21a-04\">Soumis au droit fran\u00e7ais, le site web cedin.parisnanterre.fr est encadr\u00e9 par la loi n\u00b0 2004-2005 du 21 juin 2004 pour la confiance dans l&rsquo;\u00e9conomie num\u00e9rique, l\u2019article L.335-2 du Code de la Propri\u00e9t\u00e9 Intellectuelle et la loi \u00ab informatique et libert\u00e9s \u00bb du 6 janvier 1978 modifi\u00e9e en 2004.<\/p>\n","protected":false},"excerpt":{"rendered":"<p>1. Pr\u00e9sentation de notre site web Conform\u00e9ment \u00e0 la loi n\u00b0 2004-2005 du 21 juin 2004 pour la confiance dans l&rsquo;\u00e9conomie num\u00e9rique, notre site web cr\u00e9\u00e9 par Le P\u00f4le des Espaces Num\u00e9riques, (Universit\u00e9 Paris Nanterre), met \u00e0 disposition du public les informations nous concernant.\u00c9ventuellement modifiables, nous vous invitons \u00e0 consulter nos mentions l\u00e9gales le plus&#8230;<\/p>\n","protected":false},"author":2,"featured_media":0,"parent":0,"menu_order":0,"comment_status":"closed","ping_status":"closed","template":"","meta":{"_kad_blocks_custom_css":"","_kad_blocks_head_custom_js":"","_kad_blocks_body_custom_js":"","_kad_blocks_footer_custom_js":"","_kadence_starter_templates_imported_post":false,"_kad_post_transparent":"","_kad_post_title":"","_kad_post_layout":"","_kad_post_sidebar_id":"","_kad_post_content_style":"","_kad_post_vertical_padding":"","_kad_post_feature":"","_kad_post_feature_position":"","_kad_post_header":false,"_kad_post_footer":false,"footnotes":""},"class_list":["post-1760","page","type-page","status-publish","hentry"],"taxonomy_info":[],"featured_image_src_large":false,"author_info":{"display_name":"Silvio Carella","author_link":"https:\/\/cedin.parisnanterre.fr\/index.php\/author\/scarella\/"},"comment_info":0,"_links":{"self":[{"href":"https:\/\/cedin.parisnanterre.fr\/index.php\/wp-json\/wp\/v2\/pages\/1760","targetHints":{"allow":["GET"]}}],"collection":[{"href":"https:\/\/cedin.parisnanterre.fr\/index.php\/wp-json\/wp\/v2\/pages"}],"about":[{"href":"https:\/\/cedin.parisnanterre.fr\/index.php\/wp-json\/wp\/v2\/types\/page"}],"author":[{"embeddable":true,"href":"https:\/\/cedin.parisnanterre.fr\/index.php\/wp-json\/wp\/v2\/users\/2"}],"replies":[{"embeddable":true,"href":"https:\/\/cedin.parisnanterre.fr\/index.php\/wp-json\/wp\/v2\/comments?post=1760"}],"version-history":[{"count":5,"href":"https:\/\/cedin.parisnanterre.fr\/index.php\/wp-json\/wp\/v2\/pages\/1760\/revisions"}],"predecessor-version":[{"id":1781,"href":"https:\/\/cedin.parisnanterre.fr\/index.php\/wp-json\/wp\/v2\/pages\/1760\/revisions\/1781"}],"wp:attachment":[{"href":"https:\/\/cedin.parisnanterre.fr\/index.php\/wp-json\/wp\/v2\/media?parent=1760"}],"curies":[{"name":"wp","href":"https:\/\/api.w.org\/{rel}","templated":true}]}}