{"id":1402,"date":"2025-02-26T09:53:37","date_gmt":"2025-02-26T09:53:37","guid":{"rendered":"https:\/\/ns-cedin.parisnanterre.fr\/?page_id=1402"},"modified":"2025-04-04T06:39:51","modified_gmt":"2025-04-04T06:39:51","slug":"rapports","status":"publish","type":"page","link":"https:\/\/cedin.parisnanterre.fr\/index.php\/rapports\/","title":{"rendered":"Rapports"},"content":{"rendered":"\n<h2 class=\"wp-block-heading has--font-size\">Rapports d&rsquo;activit\u00e9<\/h2>\n\n\n<style>.wp-block-kadence-advancedheading.kt-adv-heading1402_edeea7-a6, .wp-block-kadence-advancedheading.kt-adv-heading1402_edeea7-a6[data-kb-block=\"kb-adv-heading1402_edeea7-a6\"]{font-style:normal;}.wp-block-kadence-advancedheading.kt-adv-heading1402_edeea7-a6 mark.kt-highlight, .wp-block-kadence-advancedheading.kt-adv-heading1402_edeea7-a6[data-kb-block=\"kb-adv-heading1402_edeea7-a6\"] mark.kt-highlight{font-style:normal;color:#f76a0c;-webkit-box-decoration-break:clone;box-decoration-break:clone;padding-top:0px;padding-right:0px;padding-bottom:0px;padding-left:0px;}.wp-block-kadence-advancedheading.kt-adv-heading1402_edeea7-a6 img.kb-inline-image, .wp-block-kadence-advancedheading.kt-adv-heading1402_edeea7-a6[data-kb-block=\"kb-adv-heading1402_edeea7-a6\"] img.kb-inline-image{width:150px;vertical-align:baseline;}<\/style>\n<p class=\"kt-adv-heading1402_edeea7-a6 wp-block-kadence-advancedheading\" data-kb-block=\"kb-adv-heading1402_edeea7-a6\">Les&nbsp;<strong>rapports d\u2019activit\u00e9 du CEDIN<\/strong>&nbsp;offrent un aper\u00e7u d\u00e9taill\u00e9 des travaux et \u00e9v\u00e9nements marquants du centre sur une p\u00e9riode donn\u00e9e. Ils mettent en avant les&nbsp;<strong>axes de recherche, publications, collaborations internationales et manifestations scientifiques<\/strong> du Centre.<br><br>\ud83d\udccc<a href=\"https:\/\/ns-cedin.parisnanterre.fr\/wp-content\/uploads\/2025\/03\/RAPPORT-DACTIVITE-DU-CEDIN-2020-final-numerique.pdf\" target=\"_blank\" rel=\"noreferrer noopener\">Rapport d&rsquo;activit\u00e9 2020<\/a><br><br>\ud83d\udcccRapport d&rsquo;activit\u00e9 2019<br><br>\ud83d\udccc<a href=\"https:\/\/ns-cedin.parisnanterre.fr\/wp-content\/uploads\/2025\/03\/RAPPORT-DACTIVITE-DU-CEDIN-2018-compressed-1.pdf\" target=\"_blank\" rel=\"noreferrer noopener\">Rapport d&rsquo;activit\u00e9 2018<\/a><br><br>\ud83d\udccc<a href=\"https:\/\/ns-cedin.parisnanterre.fr\/wp-content\/uploads\/2025\/03\/RAPPORT-D_ACTIVITE-DU-CEDIN-2017-1.pdf\" target=\"_blank\" rel=\"noreferrer noopener\">Rapport d&rsquo;activit\u00e9 2017<\/a><br><br>\ud83d\udcccRapport d&rsquo;activit\u00e9 2016<br><\/p>\n\n\n\n<hr class=\"wp-block-separator has-alpha-channel-opacity\"\/>\n\n\n\n<h2 class=\"wp-block-heading has--font-size\"><br>Rapport d&rsquo;\u00e9valuation<\/h2>\n\n\n<style>.wp-block-kadence-advancedheading.kt-adv-heading1402_3fe19f-18, .wp-block-kadence-advancedheading.kt-adv-heading1402_3fe19f-18[data-kb-block=\"kb-adv-heading1402_3fe19f-18\"]{font-style:normal;}.wp-block-kadence-advancedheading.kt-adv-heading1402_3fe19f-18 mark.kt-highlight, .wp-block-kadence-advancedheading.kt-adv-heading1402_3fe19f-18[data-kb-block=\"kb-adv-heading1402_3fe19f-18\"] mark.kt-highlight{font-style:normal;color:#f76a0c;-webkit-box-decoration-break:clone;box-decoration-break:clone;padding-top:0px;padding-right:0px;padding-bottom:0px;padding-left:0px;}.wp-block-kadence-advancedheading.kt-adv-heading1402_3fe19f-18 img.kb-inline-image, .wp-block-kadence-advancedheading.kt-adv-heading1402_3fe19f-18[data-kb-block=\"kb-adv-heading1402_3fe19f-18\"] img.kb-inline-image{width:150px;vertical-align:baseline;}<\/style>\n<p class=\"kt-adv-heading1402_3fe19f-18 wp-block-kadence-advancedheading\" data-kb-block=\"kb-adv-heading1402_3fe19f-18\">Le\u00a0<strong>CEDIN<\/strong>\u00a0fait l\u2019objet d\u2019\u00e9valuations r\u00e9guli\u00e8res par le\u00a0<strong>HCERES<\/strong>, qui permettent de prendre la mesure des activit\u00e9s men\u00e9es par le Centre dans leur diversit\u00e9, de d\u00e9couvrir son organisation et ses priorit\u00e9s strat\u00e9giques. Ces rapports attestent de l&rsquo;excellence scientifique du CEDIN et de son rayonnement en droit international. <\/p>\n\n\n<style>.wp-block-kadence-advancedheading.kt-adv-heading1402_d6e2ae-20, .wp-block-kadence-advancedheading.kt-adv-heading1402_d6e2ae-20[data-kb-block=\"kb-adv-heading1402_d6e2ae-20\"]{font-style:normal;}.wp-block-kadence-advancedheading.kt-adv-heading1402_d6e2ae-20 mark.kt-highlight, .wp-block-kadence-advancedheading.kt-adv-heading1402_d6e2ae-20[data-kb-block=\"kb-adv-heading1402_d6e2ae-20\"] mark.kt-highlight{font-style:normal;color:#f76a0c;-webkit-box-decoration-break:clone;box-decoration-break:clone;padding-top:0px;padding-right:0px;padding-bottom:0px;padding-left:0px;}.wp-block-kadence-advancedheading.kt-adv-heading1402_d6e2ae-20 img.kb-inline-image, .wp-block-kadence-advancedheading.kt-adv-heading1402_d6e2ae-20[data-kb-block=\"kb-adv-heading1402_d6e2ae-20\"] img.kb-inline-image{width:150px;vertical-align:baseline;}<\/style>\n<p class=\"kt-adv-heading1402_d6e2ae-20 wp-block-kadence-advancedheading\" data-kb-block=\"kb-adv-heading1402_d6e2ae-20\">\ud83d\udccc<a href=\"https:\/\/ns-cedin.parisnanterre.fr\/wp-content\/uploads\/2025\/03\/E2020-EV-0921204J-DER-PUR200017134-026351-RD-1.pdf\" target=\"_blank\" rel=\"noreferrer noopener\">HCERES 2024<\/a><br><br>\ud83d\udccc<a href=\"https:\/\/ns-cedin.parisnanterre.fr\/wp-content\/uploads\/2025\/03\/E2020-EV-0921204J-DER-PUR200017134-026351-RD-1.pdf\" target=\"_blank\" rel=\"noreferrer noopener\">HCERES 2018<\/a><\/p>\n\n\n<style>.wp-block-kadence-advancedheading.kt-adv-heading1402_4e1b3e-25, .wp-block-kadence-advancedheading.kt-adv-heading1402_4e1b3e-25[data-kb-block=\"kb-adv-heading1402_4e1b3e-25\"]{font-style:normal;}.wp-block-kadence-advancedheading.kt-adv-heading1402_4e1b3e-25 mark.kt-highlight, .wp-block-kadence-advancedheading.kt-adv-heading1402_4e1b3e-25[data-kb-block=\"kb-adv-heading1402_4e1b3e-25\"] mark.kt-highlight{font-style:normal;color:#f76a0c;-webkit-box-decoration-break:clone;box-decoration-break:clone;padding-top:0px;padding-right:0px;padding-bottom:0px;padding-left:0px;}.wp-block-kadence-advancedheading.kt-adv-heading1402_4e1b3e-25 img.kb-inline-image, .wp-block-kadence-advancedheading.kt-adv-heading1402_4e1b3e-25[data-kb-block=\"kb-adv-heading1402_4e1b3e-25\"] img.kb-inline-image{width:150px;vertical-align:baseline;}<\/style>\n<p class=\"kt-adv-heading1402_4e1b3e-25 wp-block-kadence-advancedheading\" data-kb-block=\"kb-adv-heading1402_4e1b3e-25\">\ud83d\udccc<a href=\"https:\/\/ns-cedin.parisnanterre.fr\/wp-content\/uploads\/2025\/03\/Rapport-AERES-2013.pdf\" target=\"_blank\" rel=\"noreferrer noopener\">AERES 2013<\/a><\/p>\n\n\n<style>.wp-block-kadence-advancedheading.kt-adv-heading1402_3a7240-a5, .wp-block-kadence-advancedheading.kt-adv-heading1402_3a7240-a5[data-kb-block=\"kb-adv-heading1402_3a7240-a5\"]{font-style:normal;}.wp-block-kadence-advancedheading.kt-adv-heading1402_3a7240-a5 mark.kt-highlight, .wp-block-kadence-advancedheading.kt-adv-heading1402_3a7240-a5[data-kb-block=\"kb-adv-heading1402_3a7240-a5\"] mark.kt-highlight{font-style:normal;color:#f76a0c;-webkit-box-decoration-break:clone;box-decoration-break:clone;padding-top:0px;padding-right:0px;padding-bottom:0px;padding-left:0px;}.wp-block-kadence-advancedheading.kt-adv-heading1402_3a7240-a5 img.kb-inline-image, .wp-block-kadence-advancedheading.kt-adv-heading1402_3a7240-a5[data-kb-block=\"kb-adv-heading1402_3a7240-a5\"] img.kb-inline-image{width:150px;vertical-align:baseline;}<\/style>\n<p class=\"kt-adv-heading1402_3a7240-a5 wp-block-kadence-advancedheading\" data-kb-block=\"kb-adv-heading1402_3a7240-a5\">\ud83d\udccc<a href=\"https:\/\/ns-cedin.parisnanterre.fr\/wp-content\/uploads\/2025\/03\/Rapport-AERES-2008.pdf\" target=\"_blank\" rel=\"noreferrer noopener\">AERES 2008<\/a><\/p>\n","protected":false},"excerpt":{"rendered":"<p>Rapports d&rsquo;activit\u00e9 Les&nbsp;rapports d\u2019activit\u00e9 du CEDIN&nbsp;offrent un aper\u00e7u d\u00e9taill\u00e9 des travaux et \u00e9v\u00e9nements marquants du centre sur une p\u00e9riode donn\u00e9e. Ils mettent en avant les&nbsp;axes de recherche, publications, collaborations internationales et manifestations scientifiques du Centre. \ud83d\udcccRapport d&rsquo;activit\u00e9 2020 \ud83d\udcccRapport d&rsquo;activit\u00e9 2019 \ud83d\udcccRapport d&rsquo;activit\u00e9 2018 \ud83d\udcccRapport d&rsquo;activit\u00e9 2017 \ud83d\udcccRapport d&rsquo;activit\u00e9 2016 Rapport d&rsquo;\u00e9valuation Le\u00a0CEDIN\u00a0fait l\u2019objet d\u2019\u00e9valuations&#8230;<\/p>\n","protected":false},"author":1,"featured_media":0,"parent":0,"menu_order":0,"comment_status":"closed","ping_status":"closed","template":"","meta":{"_kad_blocks_custom_css":"","_kad_blocks_head_custom_js":"","_kad_blocks_body_custom_js":"","_kad_blocks_footer_custom_js":"","_kadence_starter_templates_imported_post":false,"_kad_post_transparent":"","_kad_post_title":"","_kad_post_layout":"","_kad_post_sidebar_id":"","_kad_post_content_style":"","_kad_post_vertical_padding":"","_kad_post_feature":"","_kad_post_feature_position":"","_kad_post_header":false,"_kad_post_footer":false,"footnotes":""},"class_list":["post-1402","page","type-page","status-publish","hentry"],"taxonomy_info":[],"featured_image_src_large":false,"author_info":{"display_name":"admin","author_link":"https:\/\/cedin.parisnanterre.fr\/index.php\/author\/fgabard\/"},"comment_info":0,"_links":{"self":[{"href":"https:\/\/cedin.parisnanterre.fr\/index.php\/wp-json\/wp\/v2\/pages\/1402","targetHints":{"allow":["GET"]}}],"collection":[{"href":"https:\/\/cedin.parisnanterre.fr\/index.php\/wp-json\/wp\/v2\/pages"}],"about":[{"href":"https:\/\/cedin.parisnanterre.fr\/index.php\/wp-json\/wp\/v2\/types\/page"}],"author":[{"embeddable":true,"href":"https:\/\/cedin.parisnanterre.fr\/index.php\/wp-json\/wp\/v2\/users\/1"}],"replies":[{"embeddable":true,"href":"https:\/\/cedin.parisnanterre.fr\/index.php\/wp-json\/wp\/v2\/comments?post=1402"}],"version-history":[{"count":7,"href":"https:\/\/cedin.parisnanterre.fr\/index.php\/wp-json\/wp\/v2\/pages\/1402\/revisions"}],"predecessor-version":[{"id":2246,"href":"https:\/\/cedin.parisnanterre.fr\/index.php\/wp-json\/wp\/v2\/pages\/1402\/revisions\/2246"}],"wp:attachment":[{"href":"https:\/\/cedin.parisnanterre.fr\/index.php\/wp-json\/wp\/v2\/media?parent=1402"}],"curies":[{"name":"wp","href":"https:\/\/api.w.org\/{rel}","templated":true}]}}