{"id":131,"date":"2025-01-10T09:51:12","date_gmt":"2025-01-10T09:51:12","guid":{"rendered":"https:\/\/ns-cedin.parisnanterre.fr\/?page_id=131"},"modified":"2026-03-23T10:12:29","modified_gmt":"2026-03-23T10:12:29","slug":"enseignants-chercheurs","status":"publish","type":"page","link":"https:\/\/cedin.parisnanterre.fr\/index.php\/enseignants-chercheurs\/","title":{"rendered":"Enseignant\u00b7e\u00b7s-chercheur\u00b7euse\u00b7s"},"content":{"rendered":"\n<div class=\"wp-block-columns is-layout-flex wp-container-core-columns-is-layout-9d6595d7 wp-block-columns-is-layout-flex\">\n<div class=\"wp-block-column is-layout-flow wp-block-column-is-layout-flow\"><style>.wp-block-kadence-column.kb-section-dir-horizontal > .kt-inside-inner-col > .kt-info-box131_0ef97e-75 .kt-blocks-info-box-link-wrap{max-width:unset;}.kt-info-box131_0ef97e-75 .kt-blocks-info-box-link-wrap{border-top:5px solid var(--global-palette4, #2D3748);border-right:5px solid var(--global-palette4, #2D3748);border-bottom:5px solid var(--global-palette4, #2D3748);border-left:5px solid var(--global-palette4, #2D3748);border-top-left-radius:20px;border-top-right-radius:20px;border-bottom-right-radius:20px;border-bottom-left-radius:20px;background:#ffffff;padding-top:var(--global-kb-spacing-sm, 1.5rem);padding-right:var(--global-kb-spacing-sm, 1.5rem);padding-bottom:var(--global-kb-spacing-sm, 1.5rem);padding-left:var(--global-kb-spacing-sm, 1.5rem);margin-top:50px;}.kt-info-box131_0ef97e-75 .kadence-info-box-icon-container .kt-info-svg-icon, .kt-info-box131_0ef97e-75 .kt-info-svg-icon-flip, .kt-info-box131_0ef97e-75 .kt-blocks-info-box-number{font-size:50px;}.kt-info-box131_0ef97e-75 .kt-blocks-info-box-media{color:#ed1313;background:#ffffff;border-color:var(--global-palette4, #2D3748);border-radius:200px;overflow:hidden;border-top-width:5px;border-right-width:5px;border-bottom-width:5px;border-left-width:5px;padding-top:20px;padding-right:20px;padding-bottom:20px;padding-left:20px;}.kt-info-box131_0ef97e-75 .kt-blocks-info-box-media-container{margin-top:-75px;margin-right:0px;margin-bottom:20px;margin-left:0px;}.kt-info-box131_0ef97e-75 .kt-blocks-info-box-media .kadence-info-box-image-intrisic img{border-radius:200px;}.kt-info-box131_0ef97e-75 .kt-infobox-textcontent h2.kt-blocks-info-box-title{color:var(--global-palette4, #2D3748);padding-top:0px;padding-right:0px;padding-bottom:0px;padding-left:0px;margin-top:5px;margin-right:0px;margin-bottom:10px;margin-left:0px;}.kt-info-box131_0ef97e-75 .kt-infobox-textcontent .kt-blocks-info-box-text{color:var(--global-palette4, #2D3748);}.kt-info-box131_0ef97e-75 .kt-blocks-info-box-learnmore{background:transparent;border-width:0px 0px 0px 0px;padding-top:4px;padding-right:8px;padding-bottom:4px;padding-left:8px;margin-top:10px;margin-right:0px;margin-bottom:10px;margin-left:0px;}@media all and (max-width: 1024px){.kt-info-box131_0ef97e-75 .kt-blocks-info-box-link-wrap{border-top:5px solid var(--global-palette4, #2D3748);border-right:5px solid var(--global-palette4, #2D3748);border-bottom:5px solid var(--global-palette4, #2D3748);border-left:5px solid var(--global-palette4, #2D3748);}}@media all and (max-width: 767px){.kt-info-box131_0ef97e-75 .kt-blocks-info-box-link-wrap{border-top:5px solid var(--global-palette4, #2D3748);border-right:5px solid var(--global-palette4, #2D3748);border-bottom:5px solid var(--global-palette4, #2D3748);border-left:5px solid var(--global-palette4, #2D3748);}}<\/style>\n<div class=\"wp-block-kadence-infobox kt-info-box131_0ef97e-75\"><span class=\"kt-blocks-info-box-link-wrap info-box-link kt-blocks-info-box-media-align-top kt-info-halign-center\"><div class=\"kt-blocks-info-box-media-container\"><div class=\"kt-blocks-info-box-media kt-info-media-animate-none\"><div class=\"kadence-info-box-icon-container kt-info-icon-animate-none\"><div class=\"kadence-info-box-icon-inner-container\"><span class=\"kb-svg-icon-wrap kb-svg-icon-fe_users kt-info-svg-icon\"><svg viewBox=\"0 0 24 24\"  fill=\"none\" stroke=\"currentColor\" stroke-width=\"2\" stroke-linecap=\"round\" stroke-linejoin=\"round\" xmlns=\"http:\/\/www.w3.org\/2000\/svg\"  aria-hidden=\"true\"><path d=\"M17 21v-2a4 4 0 0 0-4-4H5a4 4 0 0 0-4 4v2\"\/><circle cx=\"9\" cy=\"7\" r=\"4\"\/><path d=\"M23 21v-2a4 4 0 0 0-3-3.87\"\/><path d=\"M16 3.13a4 4 0 0 1 0 7.75\"\/><\/svg><\/span><\/div><\/div><\/div><\/div><div class=\"kt-infobox-textcontent\"><h2 class=\"kt-blocks-info-box-title\">Enseignant<strong>\u00b7e\u00b7s<\/strong>-chercheur\u00b7euse\u00b7s<\/h2><p class=\"kt-blocks-info-box-text\">Fran\u00e7ois de B\u00e9rard<br>Pierre Bodeau-Livinec<br>Vincent Chantebout<br>R\u00e9gis Chemain<br>Claire Debourg<br>Marina Eudes<br>Mathias Forteau<br>Victor Grandaubert<br>Sophie Grosbon<br>Nabil Hajjami<br>Franck Latty<br>Lilian Larrib\u00e8re<br>Rebecca Legendre<br>Marie Nioche<br>Denys-Sacha Robin<br>Jean-Marc Thouvenin<br>Anne-Laure Vaurs-Chaumette<br>Fran\u00e7ois-Xavier Train<\/p><\/div><\/span><\/div>\n\n\n\n<div class=\"wp-block-columns is-layout-flex wp-container-core-columns-is-layout-9d6595d7 wp-block-columns-is-layout-flex\">\n<div class=\"wp-block-column is-layout-flow wp-block-column-is-layout-flow\"><\/div>\n\n\n\n<div class=\"wp-block-column is-layout-flow wp-block-column-is-layout-flow\"><\/div>\n<\/div>\n<\/div>\n\n\n\n<div class=\"wp-block-column is-layout-flow wp-block-column-is-layout-flow\"><style>.wp-block-kadence-column.kb-section-dir-horizontal > .kt-inside-inner-col > .kt-info-box131_27adc3-24 .kt-blocks-info-box-link-wrap{max-width:unset;}.kt-info-box131_27adc3-24 .kt-blocks-info-box-link-wrap{border-top:5px solid var(--global-palette4, #2D3748);border-right:5px solid var(--global-palette4, #2D3748);border-bottom:5px solid var(--global-palette4, #2D3748);border-left:5px solid var(--global-palette4, #2D3748);border-top-left-radius:20px;border-top-right-radius:20px;border-bottom-right-radius:20px;border-bottom-left-radius:20px;background:#ffffff;padding-top:var(--global-kb-spacing-sm, 1.5rem);padding-right:var(--global-kb-spacing-sm, 1.5rem);padding-bottom:var(--global-kb-spacing-sm, 1.5rem);padding-left:var(--global-kb-spacing-sm, 1.5rem);margin-top:50px;}.kt-info-box131_27adc3-24 .kadence-info-box-icon-container .kt-info-svg-icon, .kt-info-box131_27adc3-24 .kt-info-svg-icon-flip, .kt-info-box131_27adc3-24 .kt-blocks-info-box-number{font-size:50px;}.kt-info-box131_27adc3-24 .kt-blocks-info-box-media{color:#ed1313;background:#ffffff;border-color:var(--global-palette4, #2D3748);border-radius:200px;overflow:hidden;border-top-width:5px;border-right-width:5px;border-bottom-width:5px;border-left-width:5px;padding-top:20px;padding-right:20px;padding-bottom:20px;padding-left:20px;}.kt-info-box131_27adc3-24 .kt-blocks-info-box-media-container{margin-top:-75px;margin-right:0px;margin-bottom:20px;margin-left:0px;}.kt-info-box131_27adc3-24 .kt-blocks-info-box-media .kadence-info-box-image-intrisic img{border-radius:200px;}.kt-info-box131_27adc3-24 .kt-infobox-textcontent h2.kt-blocks-info-box-title{color:var(--global-palette4, #2D3748);padding-top:0px;padding-right:0px;padding-bottom:0px;padding-left:0px;margin-top:5px;margin-right:0px;margin-bottom:10px;margin-left:0px;}.kt-info-box131_27adc3-24 .kt-blocks-info-box-link-wrap:hover h2.kt-blocks-info-box-title{color:var(--global-palette4, #2D3748);}.kt-info-box131_27adc3-24 .kt-infobox-textcontent .kt-blocks-info-box-text{color:var(--global-palette4, #2D3748);}.kt-info-box131_27adc3-24 .kt-blocks-info-box-learnmore{background:transparent;border-width:0px 0px 0px 0px;padding-top:4px;padding-right:8px;padding-bottom:4px;padding-left:8px;margin-top:10px;margin-right:0px;margin-bottom:10px;margin-left:0px;}@media all and (max-width: 1024px){.kt-info-box131_27adc3-24 .kt-blocks-info-box-link-wrap{border-top:5px solid var(--global-palette4, #2D3748);border-right:5px solid var(--global-palette4, #2D3748);border-bottom:5px solid var(--global-palette4, #2D3748);border-left:5px solid var(--global-palette4, #2D3748);}}@media all and (max-width: 767px){.kt-info-box131_27adc3-24 .kt-blocks-info-box-link-wrap{border-top:5px solid var(--global-palette4, #2D3748);border-right:5px solid var(--global-palette4, #2D3748);border-bottom:5px solid var(--global-palette4, #2D3748);border-left:5px solid var(--global-palette4, #2D3748);}}<\/style>\n<div class=\"wp-block-kadence-infobox kt-info-box131_27adc3-24\"><span class=\"kt-blocks-info-box-link-wrap info-box-link kt-blocks-info-box-media-align-top kt-info-halign-center\"><div class=\"kt-blocks-info-box-media-container\"><div class=\"kt-blocks-info-box-media kt-info-media-animate-none\"><div class=\"kadence-info-box-icon-container kt-info-icon-animate-none\"><div class=\"kadence-info-box-icon-inner-container\"><span class=\"kb-svg-icon-wrap kb-svg-icon-fe_users kt-info-svg-icon\"><svg viewBox=\"0 0 24 24\"  fill=\"none\" stroke=\"currentColor\" stroke-width=\"2\" stroke-linecap=\"round\" stroke-linejoin=\"round\" xmlns=\"http:\/\/www.w3.org\/2000\/svg\"  aria-hidden=\"true\"><path d=\"M17 21v-2a4 4 0 0 0-4-4H5a4 4 0 0 0-4 4v2\"\/><circle cx=\"9\" cy=\"7\" r=\"4\"\/><path d=\"M23 21v-2a4 4 0 0 0-3-3.87\"\/><path d=\"M16 3.13a4 4 0 0 1 0 7.75\"\/><\/svg><\/span><\/div><\/div><\/div><\/div><div class=\"kt-infobox-textcontent\"><h2 class=\"kt-blocks-info-box-title\"><strong>Professeur\u00b7e\u00b7s<\/strong> <strong>\u00e9m\u00e9rites<\/strong><\/h2><p class=\"kt-blocks-info-box-text\">Marie-Jeanne Campana<br>Marie-Laure Niboyet<br>Alain Pellet<br><br><br><br><br><br><br><br><br><br><br><br><br><br><br><br><\/p><\/div><\/span><\/div>\n<\/div>\n<\/div>\n\n\n\n<div class=\"wp-block-columns is-layout-flex wp-container-core-columns-is-layout-9d6595d7 wp-block-columns-is-layout-flex\">\n<div class=\"wp-block-column is-layout-flow wp-block-column-is-layout-flow\"><style>.wp-block-kadence-column.kb-section-dir-horizontal > .kt-inside-inner-col > .kt-info-box131_0e4604-a5 .kt-blocks-info-box-link-wrap{max-width:unset;}.kt-info-box131_0e4604-a5 .kt-blocks-info-box-link-wrap{background:var(--global-palette7, #EDF2F7);padding-top:var(--global-kb-spacing-xs, 1rem);padding-right:var(--global-kb-spacing-xs, 1rem);padding-bottom:var(--global-kb-spacing-xs, 1rem);padding-left:var(--global-kb-spacing-xs, 1rem);}.kt-info-box131_0e4604-a5 .kadence-info-box-icon-container .kt-info-svg-icon, .kt-info-box131_0e4604-a5 .kt-info-svg-icon-flip, .kt-info-box131_0e4604-a5 .kt-blocks-info-box-number{font-size:50px;}.kt-info-box131_0e4604-a5 .kt-blocks-info-box-media{border-top-width:0px;border-right-width:0px;border-bottom-width:0px;border-left-width:0px;padding-top:10px;padding-right:10px;padding-bottom:10px;padding-left:10px;}.kt-info-box131_0e4604-a5 .kt-blocks-info-box-media-container{margin-top:0px;margin-right:15px;margin-bottom:0px;margin-left:15px;}.kt-info-box131_0e4604-a5 .kt-infobox-textcontent h2.kt-blocks-info-box-title{color:#ed1313;}.kt-info-box131_0e4604-a5 .kt-blocks-info-box-link-wrap:hover h2.kt-blocks-info-box-title{color:#ed1313;}.kt-info-box131_0e4604-a5 .kt-infobox-textcontent .kt-blocks-info-box-text{color:var(--global-palette4, #2D3748);}.kt-info-box131_0e4604-a5 .kt-blocks-info-box-learnmore{background:transparent;border-width:0px 0px 0px 0px;padding-top:4px;padding-right:8px;padding-bottom:4px;padding-left:8px;margin-top:10px;margin-right:0px;margin-bottom:10px;margin-left:0px;}<\/style>\n<div class=\"wp-block-kadence-infobox kt-info-box131_0e4604-a5\"><span class=\"kt-blocks-info-box-link-wrap info-box-link kt-blocks-info-box-media-align-top kt-info-halign-center\"><div class=\"kt-blocks-info-box-media-container\"><div class=\"kt-blocks-info-box-media kt-info-media-animate-none\"><div class=\"kadence-info-box-icon-container kt-info-icon-animate-none\"><div class=\"kadence-info-box-icon-inner-container\"><span class=\"kb-svg-icon-wrap kb-svg-icon-fe_users kt-info-svg-icon\"><svg viewBox=\"0 0 24 24\"  fill=\"none\" stroke=\"currentColor\" stroke-width=\"2\" stroke-linecap=\"round\" stroke-linejoin=\"round\" xmlns=\"http:\/\/www.w3.org\/2000\/svg\"  aria-hidden=\"true\"><path d=\"M17 21v-2a4 4 0 0 0-4-4H5a4 4 0 0 0-4 4v2\"\/><circle cx=\"9\" cy=\"7\" r=\"4\"\/><path d=\"M23 21v-2a4 4 0 0 0-3-3.87\"\/><path d=\"M16 3.13a4 4 0 0 1 0 7.75\"\/><\/svg><\/span><\/div><\/div><\/div><\/div><div class=\"kt-infobox-textcontent\"><h2 class=\"kt-blocks-info-box-title\"><strong><strong>Enseignant<strong>\u00b7e\u00b7s<\/strong>-chercheur\u00b7euse\u00b7s<\/strong><\/strong> <strong><strong>associ\u00e9\u00b7e\u00b7s<\/strong><\/strong><\/h2><p class=\"kt-blocks-info-box-text\">Mathias Audit<br>Giulio Bartolini<br>B\u00e9n\u00e9dicte Beauchesne<br>Anouche Beaudouin<br>Marjorie Beulay<br>R\u00e9gis Bismuth<br>Cl\u00e9mentine Bories<br>Victor Luis Guti\u00e9rrez Castillo<br>Caroline Chaux<br>Olivia Danic<br>Alexandre Hermet<br>Jean-Louis Iten<br>L\u00e9onor Jandard<br>Mehdi Lahouazi<br>Marie Lemey<br>Rapha\u00ebl Maurel<br>K\u00e9vin Mariat<br>Alina Miron<br>Thibaud Mulier<br>Olivier Peiffert<br>Benjamin Samson<br>Laurent Sermet<br>Damien Scalia<br>S\u00e9bastien Touz\u00e9<br>Muriel Ub\u00e9da-Saillard<\/p><\/div><\/span><\/div>\n<\/div>\n\n\n\n<div class=\"wp-block-column is-layout-flow wp-block-column-is-layout-flow\"><style>.wp-block-kadence-column.kb-section-dir-horizontal > .kt-inside-inner-col > .kt-info-box131_3a8160-26 .kt-blocks-info-box-link-wrap{max-width:unset;}.kt-info-box131_3a8160-26 .kt-blocks-info-box-link-wrap{background:var(--global-palette7, #EDF2F7);padding-top:var(--global-kb-spacing-xs, 1rem);padding-right:var(--global-kb-spacing-xs, 1rem);padding-bottom:var(--global-kb-spacing-xs, 1rem);padding-left:var(--global-kb-spacing-xs, 1rem);}.kt-info-box131_3a8160-26 .kadence-info-box-icon-container .kt-info-svg-icon, .kt-info-box131_3a8160-26 .kt-info-svg-icon-flip, .kt-info-box131_3a8160-26 .kt-blocks-info-box-number{font-size:50px;}.kt-info-box131_3a8160-26 .kt-blocks-info-box-media{border-top-width:0px;border-right-width:0px;border-bottom-width:0px;border-left-width:0px;padding-top:10px;padding-right:10px;padding-bottom:10px;padding-left:10px;}.kt-info-box131_3a8160-26 .kt-blocks-info-box-media-container{margin-top:0px;margin-right:15px;margin-bottom:0px;margin-left:15px;}.kt-info-box131_3a8160-26 .kt-infobox-textcontent h2.kt-blocks-info-box-title{color:#ed1313;}.kt-info-box131_3a8160-26 .kt-blocks-info-box-link-wrap:hover h2.kt-blocks-info-box-title{color:#ed1313;}.kt-info-box131_3a8160-26 .kt-infobox-textcontent .kt-blocks-info-box-text{color:var(--global-palette4, #2D3748);}.kt-info-box131_3a8160-26 .kt-blocks-info-box-learnmore{background:transparent;border-width:0px 0px 0px 0px;padding-top:4px;padding-right:8px;padding-bottom:4px;padding-left:8px;margin-top:10px;margin-right:0px;margin-bottom:10px;margin-left:0px;}<\/style>\n<div class=\"wp-block-kadence-infobox kt-info-box131_3a8160-26\"><span class=\"kt-blocks-info-box-link-wrap info-box-link kt-blocks-info-box-media-align-top kt-info-halign-center\"><div class=\"kt-blocks-info-box-media-container\"><div class=\"kt-blocks-info-box-media kt-info-media-animate-none\"><div class=\"kadence-info-box-icon-container kt-info-icon-animate-none\"><div class=\"kadence-info-box-icon-inner-container\"><span class=\"kb-svg-icon-wrap kb-svg-icon-fe_users kt-info-svg-icon\"><svg viewBox=\"0 0 24 24\"  fill=\"none\" stroke=\"currentColor\" stroke-width=\"2\" stroke-linecap=\"round\" stroke-linejoin=\"round\" xmlns=\"http:\/\/www.w3.org\/2000\/svg\"  aria-hidden=\"true\"><path d=\"M17 21v-2a4 4 0 0 0-4-4H5a4 4 0 0 0-4 4v2\"\/><circle cx=\"9\" cy=\"7\" r=\"4\"\/><path d=\"M23 21v-2a4 4 0 0 0-3-3.87\"\/><path d=\"M16 3.13a4 4 0 0 1 0 7.75\"\/><\/svg><\/span><\/div><\/div><\/div><\/div><div class=\"kt-infobox-textcontent\"><h2 class=\"kt-blocks-info-box-title\"><strong><strong><strong>Chercheur\u00b7euse\u00b7s associ\u00e9\u00b7e\u00b7s<\/strong><\/strong><\/strong><\/h2><p class=\"kt-blocks-info-box-text\">Julien Antouly<br>Jelena Aparac<br>Andr\u00e9s Bautista Hernadez<br>Elena Belova<br>Markus Beham<br>Juliette Bouloy<br>Aude Br\u00e9jon<br>Caroline Breton<br>S\u00e9gol\u00e8ne Busi<br>S\u00e9gol\u00e8ne Couturier<br>Marie Cuq<br>Aboubacar Diakite<br>R\u00e9gis Edouard<br>El\u00e9onore Gabriel<br>Asoid Garcia-Marquez<br>Fiona Guillaudin<br>Yvan Kamto Tabuguia<br>Bissiriou Kandjoura<br>Isabela Lacreta<br>Etienne Lafond<br>Georges Ndji Landry<br>Aline Lemoine<br>Andr\u00e9a Lozano Almario<br>Rachel Lucas<br>Ghislain Mabanga<br>Meit\u00e9 Mamadou<br>Affef Ben Mansour<br>Elsa Marie<br>Jean-Baptiste Merlin<br>St\u00e9phanie Millan<br>Jean Mo\u00efse<br>Groui Nahize Moussodji<br>Daniel M\u00fcller<br>Alexandra Roux<br>Mathilde Vign\u00e9<\/p><\/div><\/span><\/div>\n<\/div>\n<\/div>\n","protected":false},"excerpt":{"rendered":"","protected":false},"author":1,"featured_media":2452,"parent":0,"menu_order":0,"comment_status":"closed","ping_status":"closed","template":"","meta":{"_kad_blocks_custom_css":"","_kad_blocks_head_custom_js":"","_kad_blocks_body_custom_js":"","_kad_blocks_footer_custom_js":"","_kadence_starter_templates_imported_post":false,"_kad_post_transparent":"","_kad_post_title":"","_kad_post_layout":"","_kad_post_sidebar_id":"","_kad_post_content_style":"","_kad_post_vertical_padding":"","_kad_post_feature":"","_kad_post_feature_position":"","_kad_post_header":false,"_kad_post_footer":false,"footnotes":""},"class_list":["post-131","page","type-page","status-publish","has-post-thumbnail","hentry"],"taxonomy_info":[],"featured_image_src_large":["https:\/\/cedin.parisnanterre.fr\/wp-content\/uploads\/2025\/09\/IMG_9260-1024x490.jpeg",1024,490,true],"author_info":{"display_name":"admin","author_link":"https:\/\/cedin.parisnanterre.fr\/index.php\/author\/fgabard\/"},"comment_info":0,"_links":{"self":[{"href":"https:\/\/cedin.parisnanterre.fr\/index.php\/wp-json\/wp\/v2\/pages\/131","targetHints":{"allow":["GET"]}}],"collection":[{"href":"https:\/\/cedin.parisnanterre.fr\/index.php\/wp-json\/wp\/v2\/pages"}],"about":[{"href":"https:\/\/cedin.parisnanterre.fr\/index.php\/wp-json\/wp\/v2\/types\/page"}],"author":[{"embeddable":true,"href":"https:\/\/cedin.parisnanterre.fr\/index.php\/wp-json\/wp\/v2\/users\/1"}],"replies":[{"embeddable":true,"href":"https:\/\/cedin.parisnanterre.fr\/index.php\/wp-json\/wp\/v2\/comments?post=131"}],"version-history":[{"count":35,"href":"https:\/\/cedin.parisnanterre.fr\/index.php\/wp-json\/wp\/v2\/pages\/131\/revisions"}],"predecessor-version":[{"id":2609,"href":"https:\/\/cedin.parisnanterre.fr\/index.php\/wp-json\/wp\/v2\/pages\/131\/revisions\/2609"}],"wp:featuredmedia":[{"embeddable":true,"href":"https:\/\/cedin.parisnanterre.fr\/index.php\/wp-json\/wp\/v2\/media\/2452"}],"wp:attachment":[{"href":"https:\/\/cedin.parisnanterre.fr\/index.php\/wp-json\/wp\/v2\/media?parent=131"}],"curies":[{"name":"wp","href":"https:\/\/api.w.org\/{rel}","templated":true}]}}