{"id":126,"date":"2025-01-10T09:40:51","date_gmt":"2025-01-10T09:40:51","guid":{"rendered":"https:\/\/ns-cedin.parisnanterre.fr\/?page_id=126"},"modified":"2025-09-26T10:19:27","modified_gmt":"2025-09-26T10:19:27","slug":"direction-du-cedin","status":"publish","type":"page","link":"https:\/\/cedin.parisnanterre.fr\/index.php\/direction-du-cedin\/","title":{"rendered":"Direction du CEDIN"},"content":{"rendered":"<style>.kb-row-layout-id126_e4d0be-48 > .kt-row-column-wrap{align-content:start;}:where(.kb-row-layout-id126_e4d0be-48 > .kt-row-column-wrap) > .wp-block-kadence-column{justify-content:start;}.kb-row-layout-id126_e4d0be-48 > .kt-row-column-wrap{column-gap:var(--global-kb-gap-lg, 4rem);row-gap:var(--global-kb-gap-lg, 4rem);max-width:976px;margin-left:auto;margin-right:auto;padding-top:0px;padding-bottom:0px;}.kb-row-layout-id126_e4d0be-48 > .kt-row-column-wrap > div:not(.added-for-specificity){grid-column:initial;}.kb-row-layout-id126_e4d0be-48 > .kt-row-column-wrap{grid-template-columns:repeat(3, minmax(0, 1fr));}.kb-row-layout-id126_e4d0be-48 > .kt-row-layout-overlay{opacity:0.30;}@media all and (max-width: 1024px){.kb-row-layout-id126_e4d0be-48 > .kt-row-column-wrap > div:not(.added-for-specificity){grid-column:initial;}}@media all and (max-width: 1024px){.kb-row-layout-id126_e4d0be-48 > .kt-row-column-wrap{grid-template-columns:repeat(3, minmax(0, 1fr));}}@media all and (max-width: 767px){.kb-row-layout-id126_e4d0be-48 > .kt-row-column-wrap > div:not(.added-for-specificity){grid-column:initial;}.kb-row-layout-id126_e4d0be-48 > .kt-row-column-wrap{grid-template-columns:minmax(0, 1fr);}}<\/style><div class=\"kb-row-layout-wrap kb-row-layout-id126_e4d0be-48 alignnone wp-block-kadence-rowlayout\"><div class=\"kt-row-column-wrap kt-has-3-columns kt-row-layout-equal kt-tab-layout-inherit kt-mobile-layout-row kt-row-valign-top\">\n<style>.kadence-column126_b007c2-0c > .kt-inside-inner-col{display:flex;}.kadence-column126_b007c2-0c > .kt-inside-inner-col,.kadence-column126_b007c2-0c > .kt-inside-inner-col:before{border-top-left-radius:0px;border-top-right-radius:0px;border-bottom-right-radius:0px;border-bottom-left-radius:0px;}.kadence-column126_b007c2-0c > .kt-inside-inner-col{column-gap:var(--global-kb-gap-sm, 1rem);}.kadence-column126_b007c2-0c > .kt-inside-inner-col{flex-direction:column;justify-content:center;}.kadence-column126_b007c2-0c > .kt-inside-inner-col > .aligncenter{width:100%;}.kt-row-column-wrap > .kadence-column126_b007c2-0c{align-self:center;}.kt-inner-column-height-full:not(.kt-has-1-columns) > .wp-block-kadence-column.kadence-column126_b007c2-0c{align-self:auto;}.kt-inner-column-height-full:not(.kt-has-1-columns) > .wp-block-kadence-column.kadence-column126_b007c2-0c > .kt-inside-inner-col{flex-direction:column;justify-content:center;}.kadence-column126_b007c2-0c > .kt-inside-inner-col:before{opacity:0.3;}.kadence-column126_b007c2-0c{position:relative;}@media all and (max-width: 1024px){.kt-row-column-wrap > .kadence-column126_b007c2-0c{align-self:center;}}@media all and (max-width: 1024px){.kt-inner-column-height-full:not(.kt-has-1-columns) > .wp-block-kadence-column.kadence-column126_b007c2-0c{align-self:auto;}}@media all and (max-width: 1024px){.kt-inner-column-height-full:not(.kt-has-1-columns) > .wp-block-kadence-column.kadence-column126_b007c2-0c > .kt-inside-inner-col{flex-direction:column;justify-content:center;}}@media all and (max-width: 1024px){.kadence-column126_b007c2-0c > .kt-inside-inner-col{flex-direction:column;justify-content:center;}}@media all and (max-width: 767px){.kt-row-column-wrap > .kadence-column126_b007c2-0c{align-self:center;}.kt-inner-column-height-full:not(.kt-has-1-columns) > .wp-block-kadence-column.kadence-column126_b007c2-0c{align-self:auto;}.kt-inner-column-height-full:not(.kt-has-1-columns) > .wp-block-kadence-column.kadence-column126_b007c2-0c > .kt-inside-inner-col{flex-direction:column;justify-content:center;}.kadence-column126_b007c2-0c > .kt-inside-inner-col{flex-direction:column;justify-content:center;}}<\/style>\n<div class=\"wp-block-kadence-column kadence-column126_b007c2-0c\"><div class=\"kt-inside-inner-col\"><style>.kt-img-overlay126_c3a42b-2f{max-width:302px;width:100%;}.kb-section-dir-horizontal > .kt-inside-inner-col > .kt-img-overlay126_c3a42b-2f{margin-left:unset;margin-right:unset;}.kt-img-overlay126_c3a42b-2f .kt-image-overlay-wrap .kt-block-intrisic{padding-bottom:100%;}.kt-img-overlay126_c3a42b-2f .kt-image-overlay-wrap:has(:focus-visible) .kt-image-overlay-color-wrapper{opacity:1 !important;}.kt-img-overlay126_c3a42b-2f .kt-image-overlay-wrap:hover .kt-image-overlay-color-wrapper{opacity:1 !important;}.kt-img-overlay126_c3a42b-2f .kt-image-overlay-color{background-color:var(--global-palette5, #4A5568);opacity:1;}.kt-img-overlay126_c3a42b-2f .kt-image-overlay-message{border-top:2px solid rgba(255,255,255,0.8);border-right:2px solid rgba(255,255,255,0.8);border-bottom:2px solid rgba(255,255,255,0.8);border-left:2px solid rgba(255,255,255,0.8);inset:10px;}.wp-block-kadence-imageoverlay.kt-img-overlay126_c3a42b-2f .kt-image-overlay-message .image-overlay-title{color:#fff;background:rgba(0, 0, 0, 0);padding-top:5px;padding-right:5px;padding-bottom:5px;padding-left:5px;margin-top:0px;margin-right:0px;margin-bottom:0px;margin-left:0px;font-weight:regular;font-style:normal;}.kt-img-overlay126_c3a42b-2f .kt-image-overlay-divider{border-top-color:#fff;border-top-width:1px;width:80%;border-top-style:none;}.wp-block-kadence-imageoverlay.kt-img-overlay126_c3a42b-2f .kt-image-overlay-message .image-overlay-subtitle{color:#fff;background:rgba(0, 0, 0, 0);padding-top:5px;padding-right:5px;padding-bottom:5px;padding-left:5px;margin-top:0px;margin-right:0px;margin-bottom:0px;margin-left:0px;font-weight:regular;font-style:normal;}@media all and (max-width: 1024px){.kt-img-overlay126_c3a42b-2f .kt-image-overlay-message{border-top:2px solid rgba(255,255,255,0.8);border-right:2px solid rgba(255,255,255,0.8);border-bottom:2px solid rgba(255,255,255,0.8);border-left:2px solid rgba(255,255,255,0.8);}}@media all and (max-width: 767px){.kt-img-overlay126_c3a42b-2f{max-width:425px;width:100%;}.kb-section-dir-horizontal > .kt-inside-inner-col > .kt-img-overlay126_c3a42b-2f{margin-left:unset;margin-right:unset;}.kt-img-overlay126_c3a42b-2f .kt-image-overlay-message{border-top:2px solid rgba(255,255,255,0.8);border-right:2px solid rgba(255,255,255,0.8);border-bottom:2px solid rgba(255,255,255,0.8);border-left:2px solid rgba(255,255,255,0.8);}}<\/style>\n<div class=\"kt-img-overlay126_c3a42b-2f alignwide wp-block-kadence-imageoverlay\"><div class=\"kt-image-overlay-wrap kt-over-image-zoomin\"><div class=\"kt-block-intrisic kt-over-set-ratio\"><img loading=\"lazy\" decoding=\"async\" src=\"https:\/\/cedin.parisnanterre.fr\/wp-content\/uploads\/2025\/05\/Photo-Mathias-Forteau-2-scaled.jpg\" alt=\"\" width=\"2329\" height=\"2560\" class=\"kt-img-overlay wp-image-2358\" srcset=\"https:\/\/cedin.parisnanterre.fr\/wp-content\/uploads\/2025\/05\/Photo-Mathias-Forteau-2-scaled.jpg 2329w, https:\/\/cedin.parisnanterre.fr\/wp-content\/uploads\/2025\/05\/Photo-Mathias-Forteau-2-273x300.jpg 273w, https:\/\/cedin.parisnanterre.fr\/wp-content\/uploads\/2025\/05\/Photo-Mathias-Forteau-2-931x1024.jpg 931w, https:\/\/cedin.parisnanterre.fr\/wp-content\/uploads\/2025\/05\/Photo-Mathias-Forteau-2-768x844.jpg 768w, https:\/\/cedin.parisnanterre.fr\/wp-content\/uploads\/2025\/05\/Photo-Mathias-Forteau-2-1397x1536.jpg 1397w, https:\/\/cedin.parisnanterre.fr\/wp-content\/uploads\/2025\/05\/Photo-Mathias-Forteau-2-1863x2048.jpg 1863w\" sizes=\"auto, (max-width: 2329px) 100vw, 2329px\" \/><div class=\"kt-image-overlay-color-wrapper\"><div class=\"kt-image-overlay-color\"><\/div><\/div><a href=\"https:\/\/www.linkedin.com\/in\/mathias-forteau-a1145542\/\" target=\"_blank\" rel=\"noopener noreferrer\" class=\"kt-imageoverlay-link\"><div class=\"kt-image-overlay-message kt-over-substyle-hidden_below kt-over-valign-bottom kt-over-halign-center\"><div class=\"kt-image-overlay-inner\"><h2 class=\"image-overlay-title\"><br><br>Mathias Forteau<\/h2><h5 class=\"image-overlay-subtitle\">Directeur du CEDIN<\/h5><\/div><\/div><\/a><\/div><\/div><\/div>\n<\/div><\/div>\n\n\n<style>.kadence-column126_f60f45-94 > .kt-inside-inner-col,.kadence-column126_f60f45-94 > .kt-inside-inner-col:before{border-top-left-radius:0px;border-top-right-radius:0px;border-bottom-right-radius:0px;border-bottom-left-radius:0px;}.kadence-column126_f60f45-94 > .kt-inside-inner-col{column-gap:var(--global-kb-gap-sm, 1rem);}.kadence-column126_f60f45-94 > .kt-inside-inner-col{flex-direction:column;}.kadence-column126_f60f45-94 > .kt-inside-inner-col > .aligncenter{width:100%;}.kadence-column126_f60f45-94 > .kt-inside-inner-col:before{opacity:0.3;}.kadence-column126_f60f45-94{position:relative;}@media all and (max-width: 1024px){.kadence-column126_f60f45-94 > .kt-inside-inner-col{flex-direction:column;justify-content:center;}}@media all and (max-width: 767px){.kadence-column126_f60f45-94 > .kt-inside-inner-col{flex-direction:column;justify-content:center;}}<\/style>\n<div class=\"wp-block-kadence-column kadence-column126_f60f45-94\"><div class=\"kt-inside-inner-col\"><style>.kt-img-overlay126_165911-4f{max-width:302px;width:100%;}.kb-section-dir-horizontal > .kt-inside-inner-col > .kt-img-overlay126_165911-4f{margin-left:unset;margin-right:unset;}.kt-img-overlay126_165911-4f .kt-image-overlay-wrap .kt-block-intrisic{padding-bottom:100%;}.kt-img-overlay126_165911-4f .kt-image-overlay-wrap:has(:focus-visible) .kt-image-overlay-color-wrapper{opacity:1 !important;}.kt-img-overlay126_165911-4f .kt-image-overlay-wrap:hover .kt-image-overlay-color-wrapper{opacity:1 !important;}.kt-img-overlay126_165911-4f .kt-image-overlay-color{background-color:var(--global-palette5, #4A5568);opacity:1;}.kt-img-overlay126_165911-4f .kt-image-overlay-message{border-top:2px solid rgba(255,255,255,0.8);border-right:2px solid rgba(255,255,255,0.8);border-bottom:2px solid rgba(255,255,255,0.8);border-left:2px solid rgba(255,255,255,0.8);inset:10px;}.wp-block-kadence-imageoverlay.kt-img-overlay126_165911-4f .kt-image-overlay-message .image-overlay-title{color:#fff;background:rgba(0, 0, 0, 0);padding-top:5px;padding-right:5px;padding-bottom:5px;padding-left:5px;margin-top:0px;margin-right:0px;margin-bottom:0px;margin-left:0px;font-weight:regular;font-style:normal;}.kt-img-overlay126_165911-4f .kt-image-overlay-divider{border-top-color:#fff;border-top-width:1px;width:80%;border-top-style:none;}.wp-block-kadence-imageoverlay.kt-img-overlay126_165911-4f .kt-image-overlay-message .image-overlay-subtitle{color:#fff;background:rgba(0, 0, 0, 0);padding-top:5px;padding-right:5px;padding-bottom:5px;padding-left:5px;margin-top:0px;margin-right:0px;margin-bottom:0px;margin-left:0px;font-weight:regular;font-style:normal;}@media all and (max-width: 1024px){.kt-img-overlay126_165911-4f .kt-image-overlay-message{border-top:2px solid rgba(255,255,255,0.8);border-right:2px solid rgba(255,255,255,0.8);border-bottom:2px solid rgba(255,255,255,0.8);border-left:2px solid rgba(255,255,255,0.8);}}@media all and (max-width: 767px){.kt-img-overlay126_165911-4f{max-width:425px;width:100%;}.kb-section-dir-horizontal > .kt-inside-inner-col > .kt-img-overlay126_165911-4f{margin-left:unset;margin-right:unset;}.kt-img-overlay126_165911-4f .kt-image-overlay-message{border-top:2px solid rgba(255,255,255,0.8);border-right:2px solid rgba(255,255,255,0.8);border-bottom:2px solid rgba(255,255,255,0.8);border-left:2px solid rgba(255,255,255,0.8);}}<\/style>\n<div class=\"kt-img-overlay126_165911-4f alignwide wp-block-kadence-imageoverlay\"><div class=\"kt-image-overlay-wrap kt-over-image-zoomin\"><div class=\"kt-block-intrisic kt-over-set-ratio\"><img loading=\"lazy\" decoding=\"async\" src=\"https:\/\/ns-cedin.parisnanterre.fr\/wp-content\/uploads\/2025\/01\/Rebecca-Legendre_1-269x300-1.jpg\" alt=\"\" width=\"800\" height=\"1200\" class=\"kt-img-overlay wp-image-449\"\/><div class=\"kt-image-overlay-color-wrapper\"><div class=\"kt-image-overlay-color\"><\/div><\/div><a href=\"https:\/\/univ-droit.fr\/universitaires\/34009-rebecca-legendre\" target=\"_blank\" rel=\"noopener noreferrer\" class=\"kt-imageoverlay-link\"><div class=\"kt-image-overlay-message kt-over-substyle-hidden_below kt-over-valign-bottom kt-over-halign-center\"><div class=\"kt-image-overlay-inner\"><h2 class=\"image-overlay-title\">Rebecca Legendre<\/h2><h5 class=\"image-overlay-subtitle\">Directrice adjointe<\/h5><\/div><\/div><\/a><\/div><\/div><\/div>\n<\/div><\/div>\n\n\n<style>.kadence-column126_a2b6da-29 > .kt-inside-inner-col,.kadence-column126_a2b6da-29 > .kt-inside-inner-col:before{border-top-left-radius:0px;border-top-right-radius:0px;border-bottom-right-radius:0px;border-bottom-left-radius:0px;}.kadence-column126_a2b6da-29 > .kt-inside-inner-col{column-gap:var(--global-kb-gap-sm, 1rem);}.kadence-column126_a2b6da-29 > .kt-inside-inner-col{flex-direction:column;}.kadence-column126_a2b6da-29 > .kt-inside-inner-col > .aligncenter{width:100%;}.kadence-column126_a2b6da-29 > .kt-inside-inner-col:before{opacity:0.3;}.kadence-column126_a2b6da-29{position:relative;}@media all and (max-width: 1024px){.kadence-column126_a2b6da-29 > .kt-inside-inner-col{flex-direction:column;justify-content:center;}}@media all and (max-width: 767px){.kadence-column126_a2b6da-29 > .kt-inside-inner-col{flex-direction:column;justify-content:center;}}<\/style>\n<div class=\"wp-block-kadence-column kadence-column126_a2b6da-29\"><div class=\"kt-inside-inner-col\"><style>.kt-img-overlay126_27cbeb-cb{max-width:302px;width:100%;}.kb-section-dir-horizontal > .kt-inside-inner-col > .kt-img-overlay126_27cbeb-cb{margin-left:unset;margin-right:unset;}.kt-img-overlay126_27cbeb-cb .kt-image-overlay-wrap .kt-block-intrisic{padding-bottom:100%;}.kt-img-overlay126_27cbeb-cb .kt-image-overlay-wrap:has(:focus-visible) .kt-image-overlay-color-wrapper{opacity:1 !important;}.kt-img-overlay126_27cbeb-cb .kt-image-overlay-wrap:hover .kt-image-overlay-color-wrapper{opacity:1 !important;}.kt-img-overlay126_27cbeb-cb .kt-image-overlay-color{background-color:var(--global-palette5, #4A5568);opacity:1;}.kt-img-overlay126_27cbeb-cb .kt-image-overlay-message{border-top:2px solid rgba(255,255,255,0.8);border-right:2px solid rgba(255,255,255,0.8);border-bottom:2px solid rgba(255,255,255,0.8);border-left:2px solid rgba(255,255,255,0.8);inset:10px;}.wp-block-kadence-imageoverlay.kt-img-overlay126_27cbeb-cb .kt-image-overlay-message .image-overlay-title{color:#fff;background:rgba(0, 0, 0, 0);padding-top:5px;padding-right:5px;padding-bottom:5px;padding-left:5px;margin-top:0px;margin-right:0px;margin-bottom:0px;margin-left:0px;font-weight:regular;font-style:normal;}.kt-img-overlay126_27cbeb-cb .kt-image-overlay-divider{border-top-color:#fff;border-top-width:1px;width:80%;border-top-style:none;}.wp-block-kadence-imageoverlay.kt-img-overlay126_27cbeb-cb .kt-image-overlay-message .image-overlay-subtitle{color:#fff;background:rgba(0, 0, 0, 0);padding-top:5px;padding-right:5px;padding-bottom:5px;padding-left:5px;margin-top:0px;margin-right:0px;margin-bottom:0px;margin-left:0px;font-weight:regular;font-style:normal;}@media all and (max-width: 1024px){.kt-img-overlay126_27cbeb-cb .kt-image-overlay-message{border-top:2px solid rgba(255,255,255,0.8);border-right:2px solid rgba(255,255,255,0.8);border-bottom:2px solid rgba(255,255,255,0.8);border-left:2px solid rgba(255,255,255,0.8);}}@media all and (max-width: 767px){.kt-img-overlay126_27cbeb-cb{max-width:425px;width:100%;}.kb-section-dir-horizontal > .kt-inside-inner-col > .kt-img-overlay126_27cbeb-cb{margin-left:unset;margin-right:unset;}.kt-img-overlay126_27cbeb-cb .kt-image-overlay-message{border-top:2px solid rgba(255,255,255,0.8);border-right:2px solid rgba(255,255,255,0.8);border-bottom:2px solid rgba(255,255,255,0.8);border-left:2px solid rgba(255,255,255,0.8);}}<\/style>\n<div class=\"kt-img-overlay126_27cbeb-cb alignwide wp-block-kadence-imageoverlay\"><div class=\"kt-image-overlay-wrap kt-over-image-zoomin\"><div class=\"kt-block-intrisic kt-over-set-ratio\"><img loading=\"lazy\" decoding=\"async\" src=\"https:\/\/ns-cedin.parisnanterre.fr\/wp-content\/uploads\/2025\/01\/photo-FG-2022.jpg\" alt=\"\" width=\"800\" height=\"1200\" class=\"kt-img-overlay wp-image-129\"\/><div class=\"kt-image-overlay-color-wrapper\"><div class=\"kt-image-overlay-color\"><\/div><\/div><a href=\"https:\/\/www.linkedin.com\/in\/fanny-gabard-87b96b1b8\/\" target=\"_blank\" rel=\"noopener noreferrer\" class=\"kt-imageoverlay-link\"><div class=\"kt-image-overlay-message kt-over-substyle-hidden_below kt-over-valign-bottom kt-over-halign-center\"><div class=\"kt-image-overlay-inner\"><h2 class=\"image-overlay-title\">Fanny Gabard<\/h2><h5 class=\"image-overlay-subtitle\">Secr\u00e9taire g\u00e9n\u00e9rale<\/h5><\/div><\/div><\/a><\/div><\/div><\/div>\n<\/div><\/div>\n\n\n<style>.kadence-column126_8c46e0-43 > .kt-inside-inner-col{padding-top:30px;padding-right:30px;padding-bottom:30px;padding-left:30px;}.kadence-column126_8c46e0-43 > .kt-inside-inner-col,.kadence-column126_8c46e0-43 > .kt-inside-inner-col:before{border-top-left-radius:0px;border-top-right-radius:0px;border-bottom-right-radius:0px;border-bottom-left-radius:0px;}.kadence-column126_8c46e0-43 > .kt-inside-inner-col{column-gap:var(--global-kb-gap-sm, 1rem);}.kadence-column126_8c46e0-43 > .kt-inside-inner-col{flex-direction:column;}.kadence-column126_8c46e0-43 > .kt-inside-inner-col > .aligncenter{width:100%;}.kadence-column126_8c46e0-43 > .kt-inside-inner-col{background-color:var(--global-palette9, #ffffff);}.kadence-column126_8c46e0-43 > .kt-inside-inner-col:before{opacity:0.3;}.kadence-column126_8c46e0-43{position:relative;}@media all and (max-width: 1024px){.kadence-column126_8c46e0-43 > .kt-inside-inner-col{flex-direction:column;justify-content:center;}}@media all and (max-width: 767px){.kadence-column126_8c46e0-43 > .kt-inside-inner-col{flex-direction:column;justify-content:center;}}<\/style>\n<div class=\"wp-block-kadence-column kadence-column126_8c46e0-43 inner-column-3\"><div class=\"kt-inside-inner-col\"><\/div><\/div>\n\n<\/div><\/div>\n\n\n<p><\/p>\n","protected":false},"excerpt":{"rendered":"","protected":false},"author":1,"featured_media":2451,"parent":0,"menu_order":0,"comment_status":"closed","ping_status":"closed","template":"","meta":{"_kad_blocks_custom_css":"","_kad_blocks_head_custom_js":"","_kad_blocks_body_custom_js":"","_kad_blocks_footer_custom_js":"","_kadence_starter_templates_imported_post":false,"_kad_post_transparent":"","_kad_post_title":"","_kad_post_layout":"","_kad_post_sidebar_id":"","_kad_post_content_style":"","_kad_post_vertical_padding":"","_kad_post_feature":"","_kad_post_feature_position":"below","_kad_post_header":false,"_kad_post_footer":false,"footnotes":""},"class_list":["post-126","page","type-page","status-publish","has-post-thumbnail","hentry"],"taxonomy_info":[],"featured_image_src_large":["https:\/\/cedin.parisnanterre.fr\/wp-content\/uploads\/2025\/09\/IMG_9268-1024x768.jpeg",1024,768,true],"author_info":{"display_name":"admin","author_link":"https:\/\/cedin.parisnanterre.fr\/index.php\/author\/fgabard\/"},"comment_info":0,"_links":{"self":[{"href":"https:\/\/cedin.parisnanterre.fr\/index.php\/wp-json\/wp\/v2\/pages\/126","targetHints":{"allow":["GET"]}}],"collection":[{"href":"https:\/\/cedin.parisnanterre.fr\/index.php\/wp-json\/wp\/v2\/pages"}],"about":[{"href":"https:\/\/cedin.parisnanterre.fr\/index.php\/wp-json\/wp\/v2\/types\/page"}],"author":[{"embeddable":true,"href":"https:\/\/cedin.parisnanterre.fr\/index.php\/wp-json\/wp\/v2\/users\/1"}],"replies":[{"embeddable":true,"href":"https:\/\/cedin.parisnanterre.fr\/index.php\/wp-json\/wp\/v2\/comments?post=126"}],"version-history":[{"count":15,"href":"https:\/\/cedin.parisnanterre.fr\/index.php\/wp-json\/wp\/v2\/pages\/126\/revisions"}],"predecessor-version":[{"id":2359,"href":"https:\/\/cedin.parisnanterre.fr\/index.php\/wp-json\/wp\/v2\/pages\/126\/revisions\/2359"}],"wp:featuredmedia":[{"embeddable":true,"href":"https:\/\/cedin.parisnanterre.fr\/index.php\/wp-json\/wp\/v2\/media\/2451"}],"wp:attachment":[{"href":"https:\/\/cedin.parisnanterre.fr\/index.php\/wp-json\/wp\/v2\/media?parent=126"}],"curies":[{"name":"wp","href":"https:\/\/api.w.org\/{rel}","templated":true}]}}